{"id":2655,"date":"2021-03-03T09:44:56","date_gmt":"2021-03-03T12:44:56","guid":{"rendered":"https:\/\/ccpe.org.ar\/web\/?page_id=2655"},"modified":"2021-03-03T09:44:56","modified_gmt":"2021-03-03T12:44:56","slug":"fugas-los-feminismos-como-medida-de-transformacion-de-la-vida-contemporanea","status":"publish","type":"page","link":"https:\/\/ccpe.org.ar\/web\/fugas-los-feminismos-como-medida-de-transformacion-de-la-vida-contemporanea\/","title":{"rendered":"FUGAS. Los feminismos como medida de transformaci\u00f3n de la vida contempor\u00e1nea"},"content":{"rendered":"<p>En Teor\u00eda king Kong, Virginie Despentes se\u00f1ala que el feminismo es una revoluci\u00f3n y no un reordenamiento de consignas de marketing; una aventura colectiva para las mujeres pero tambi\u00e9n para los hombres y para todos los dem\u00e1s. Este a\u00f1o se cumple el 15\u00ba aniversario de este texto referencial. Su impacto prolongado no s\u00f3lo radica en la necesidad permanente de tomas de posici\u00f3n cr\u00edtica ante los avances del neoliberalismo, determinantes de la existencia sostenida del patriarcado, sino tambi\u00e9n en su perspicacia por detectar que los feminismos son tambi\u00e9n fugas constitutivas de las<br \/>\nmutaciones sociales y econ\u00f3micas formuladas en clave micropol\u00edtica. Es decir los feminismos son capaces de transformar las condiciones y las pr\u00e1cticas y, por ende, las estructuras internas, externas, visibles e invisibles de la vida cotidiana.<br \/>\nEsta exposici\u00f3n se desdobla a partir de algunos de los modos en que se despliegan los feminismos en la actualidad, considerando sus derivas y sus formas de representaci\u00f3n y de activismo situado con relaci\u00f3n a los deseos de reparaci\u00f3n hist\u00f3rica, de reinvenci\u00f3n de nuevas econom\u00edas sociales y de posibles fugas anticoloniales.<br \/>\nUna serie de artistas, investigadoras, manteras, ceramiqueras, tejedoras, performers, feriantes, lectoras, pensadoras y militantes presentan sus im\u00e1genes, sus se\u00f1alamientos y sus metodolog\u00edas de trabajo. Pero no s\u00f3lo lo hacen en el sentido gr\u00e1fico de la producci\u00f3n sino tambi\u00e9n desde el punto de vista del potencial performativo que tienen sus acciones para articular el pensamiento colectivo con las actuaciones afectivas en red.<\/p>\n<p>Nancy Rojas<\/p>\n","protected":false},"excerpt":{"rendered":"<p>En Teor\u00eda king Kong, Virginie Despentes se\u00f1ala que el feminismo es una revoluci\u00f3n y no un reordenamiento de consignas de marketing; una aventura colectiva para las mujeres pero tambi\u00e9n para los hombres y para todos los dem\u00e1s. Este a\u00f1o se cumple el 15\u00ba aniversario de este texto referencial. Su impacto prolongado no s\u00f3lo radica en [&hellip;]<\/p>\n","protected":false},"author":2,"featured_media":0,"parent":0,"menu_order":0,"comment_status":"closed","ping_status":"closed","template":"","meta":{"_et_pb_use_builder":"","_et_pb_old_content":"","_et_gb_content_width":"","_exactmetrics_skip_tracking":false,"_exactmetrics_sitenote_active":false,"_exactmetrics_sitenote_note":"","_exactmetrics_sitenote_category":0,"footnotes":""},"yoast_head":"<!-- This site is optimized with the Yoast SEO plugin v23.5 - https:\/\/yoast.com\/wordpress\/plugins\/seo\/ -->\n<title>FUGAS. Los feminismos como medida de transformaci\u00f3n de la vida contempor\u00e1nea - Centro Cultural Parque de Espa\u00f1a\/AECID<\/title>\n<meta name=\"robots\" content=\"index, follow, max-snippet:-1, max-image-preview:large, max-video-preview:-1\" \/>\n<link rel=\"canonical\" href=\"https:\/\/ccpe.org.ar\/web\/fugas-los-feminismos-como-medida-de-transformacion-de-la-vida-contemporanea\/\" \/>\n<meta property=\"og:locale\" content=\"es_ES\" \/>\n<meta property=\"og:type\" content=\"article\" \/>\n<meta property=\"og:title\" content=\"FUGAS. Los feminismos como medida de transformaci\u00f3n de la vida contempor\u00e1nea - Centro Cultural Parque de Espa\u00f1a\/AECID\" \/>\n<meta property=\"og:description\" content=\"En Teor\u00eda king Kong, Virginie Despentes se\u00f1ala que el feminismo es una revoluci\u00f3n y no un reordenamiento de consignas de marketing; una aventura colectiva para las mujeres pero tambi\u00e9n para los hombres y para todos los dem\u00e1s. Este a\u00f1o se cumple el 15\u00ba aniversario de este texto referencial. Su impacto prolongado no s\u00f3lo radica en [&hellip;]\" \/>\n<meta property=\"og:url\" content=\"https:\/\/ccpe.org.ar\/web\/fugas-los-feminismos-como-medida-de-transformacion-de-la-vida-contemporanea\/\" \/>\n<meta property=\"og:site_name\" content=\"Centro Cultural Parque de Espa\u00f1a\/AECID\" \/>\n<meta property=\"article:publisher\" content=\"https:\/\/www.facebook.com\/CCPErosario\/\" \/>\n<meta name=\"twitter:card\" content=\"summary_large_image\" \/>\n<meta name=\"twitter:site\" content=\"@ccpe\" \/>\n<meta name=\"twitter:label1\" content=\"Tiempo de lectura\" \/>\n\t<meta name=\"twitter:data1\" content=\"2 minutos\" \/>\n<script type=\"application\/ld+json\" class=\"yoast-schema-graph\">{\"@context\":\"https:\/\/schema.org\",\"@graph\":[{\"@type\":\"WebPage\",\"@id\":\"https:\/\/ccpe.org.ar\/web\/fugas-los-feminismos-como-medida-de-transformacion-de-la-vida-contemporanea\/\",\"url\":\"https:\/\/ccpe.org.ar\/web\/fugas-los-feminismos-como-medida-de-transformacion-de-la-vida-contemporanea\/\",\"name\":\"FUGAS. Los feminismos como medida de transformaci\u00f3n de la vida contempor\u00e1nea - Centro Cultural Parque de Espa\u00f1a\/AECID\",\"isPartOf\":{\"@id\":\"https:\/\/ccpe.org.ar\/web\/#website\"},\"datePublished\":\"2021-03-03T12:44:56+00:00\",\"dateModified\":\"2021-03-03T12:44:56+00:00\",\"breadcrumb\":{\"@id\":\"https:\/\/ccpe.org.ar\/web\/fugas-los-feminismos-como-medida-de-transformacion-de-la-vida-contemporanea\/#breadcrumb\"},\"inLanguage\":\"es\",\"potentialAction\":[{\"@type\":\"ReadAction\",\"target\":[\"https:\/\/ccpe.org.ar\/web\/fugas-los-feminismos-como-medida-de-transformacion-de-la-vida-contemporanea\/\"]}]},{\"@type\":\"BreadcrumbList\",\"@id\":\"https:\/\/ccpe.org.ar\/web\/fugas-los-feminismos-como-medida-de-transformacion-de-la-vida-contemporanea\/#breadcrumb\",\"itemListElement\":[{\"@type\":\"ListItem\",\"position\":1,\"name\":\"Portada\",\"item\":\"https:\/\/ccpe.org.ar\/web\/\"},{\"@type\":\"ListItem\",\"position\":2,\"name\":\"FUGAS. Los feminismos como medida de transformaci\u00f3n de la vida contempor\u00e1nea\"}]},{\"@type\":\"WebSite\",\"@id\":\"https:\/\/ccpe.org.ar\/web\/#website\",\"url\":\"https:\/\/ccpe.org.ar\/web\/\",\"name\":\"Centro Cultural Parque de Espa\u00f1a\/AECID\",\"description\":\"Sitio web del Centro Cultural Parque de Espa\u00f1a\/AECID\",\"potentialAction\":[{\"@type\":\"SearchAction\",\"target\":{\"@type\":\"EntryPoint\",\"urlTemplate\":\"https:\/\/ccpe.org.ar\/web\/?s={search_term_string}\"},\"query-input\":{\"@type\":\"PropertyValueSpecification\",\"valueRequired\":true,\"valueName\":\"search_term_string\"}}],\"inLanguage\":\"es\"}]}<\/script>\n<!-- \/ Yoast SEO plugin. -->","yoast_head_json":{"title":"FUGAS. Los feminismos como medida de transformaci\u00f3n de la vida contempor\u00e1nea - Centro Cultural Parque de Espa\u00f1a\/AECID","robots":{"index":"index","follow":"follow","max-snippet":"max-snippet:-1","max-image-preview":"max-image-preview:large","max-video-preview":"max-video-preview:-1"},"canonical":"https:\/\/ccpe.org.ar\/web\/fugas-los-feminismos-como-medida-de-transformacion-de-la-vida-contemporanea\/","og_locale":"es_ES","og_type":"article","og_title":"FUGAS. Los feminismos como medida de transformaci\u00f3n de la vida contempor\u00e1nea - Centro Cultural Parque de Espa\u00f1a\/AECID","og_description":"En Teor\u00eda king Kong, Virginie Despentes se\u00f1ala que el feminismo es una revoluci\u00f3n y no un reordenamiento de consignas de marketing; una aventura colectiva para las mujeres pero tambi\u00e9n para los hombres y para todos los dem\u00e1s. Este a\u00f1o se cumple el 15\u00ba aniversario de este texto referencial. Su impacto prolongado no s\u00f3lo radica en [&hellip;]","og_url":"https:\/\/ccpe.org.ar\/web\/fugas-los-feminismos-como-medida-de-transformacion-de-la-vida-contemporanea\/","og_site_name":"Centro Cultural Parque de Espa\u00f1a\/AECID","article_publisher":"https:\/\/www.facebook.com\/CCPErosario\/","twitter_card":"summary_large_image","twitter_site":"@ccpe","twitter_misc":{"Tiempo de lectura":"2 minutos"},"schema":{"@context":"https:\/\/schema.org","@graph":[{"@type":"WebPage","@id":"https:\/\/ccpe.org.ar\/web\/fugas-los-feminismos-como-medida-de-transformacion-de-la-vida-contemporanea\/","url":"https:\/\/ccpe.org.ar\/web\/fugas-los-feminismos-como-medida-de-transformacion-de-la-vida-contemporanea\/","name":"FUGAS. Los feminismos como medida de transformaci\u00f3n de la vida contempor\u00e1nea - Centro Cultural Parque de Espa\u00f1a\/AECID","isPartOf":{"@id":"https:\/\/ccpe.org.ar\/web\/#website"},"datePublished":"2021-03-03T12:44:56+00:00","dateModified":"2021-03-03T12:44:56+00:00","breadcrumb":{"@id":"https:\/\/ccpe.org.ar\/web\/fugas-los-feminismos-como-medida-de-transformacion-de-la-vida-contemporanea\/#breadcrumb"},"inLanguage":"es","potentialAction":[{"@type":"ReadAction","target":["https:\/\/ccpe.org.ar\/web\/fugas-los-feminismos-como-medida-de-transformacion-de-la-vida-contemporanea\/"]}]},{"@type":"BreadcrumbList","@id":"https:\/\/ccpe.org.ar\/web\/fugas-los-feminismos-como-medida-de-transformacion-de-la-vida-contemporanea\/#breadcrumb","itemListElement":[{"@type":"ListItem","position":1,"name":"Portada","item":"https:\/\/ccpe.org.ar\/web\/"},{"@type":"ListItem","position":2,"name":"FUGAS. Los feminismos como medida de transformaci\u00f3n de la vida contempor\u00e1nea"}]},{"@type":"WebSite","@id":"https:\/\/ccpe.org.ar\/web\/#website","url":"https:\/\/ccpe.org.ar\/web\/","name":"Centro Cultural Parque de Espa\u00f1a\/AECID","description":"Sitio web del Centro Cultural Parque de Espa\u00f1a\/AECID","potentialAction":[{"@type":"SearchAction","target":{"@type":"EntryPoint","urlTemplate":"https:\/\/ccpe.org.ar\/web\/?s={search_term_string}"},"query-input":{"@type":"PropertyValueSpecification","valueRequired":true,"valueName":"search_term_string"}}],"inLanguage":"es"}]}},"_links":{"self":[{"href":"https:\/\/ccpe.org.ar\/web\/wp-json\/wp\/v2\/pages\/2655"}],"collection":[{"href":"https:\/\/ccpe.org.ar\/web\/wp-json\/wp\/v2\/pages"}],"about":[{"href":"https:\/\/ccpe.org.ar\/web\/wp-json\/wp\/v2\/types\/page"}],"author":[{"embeddable":true,"href":"https:\/\/ccpe.org.ar\/web\/wp-json\/wp\/v2\/users\/2"}],"replies":[{"embeddable":true,"href":"https:\/\/ccpe.org.ar\/web\/wp-json\/wp\/v2\/comments?post=2655"}],"version-history":[{"count":0,"href":"https:\/\/ccpe.org.ar\/web\/wp-json\/wp\/v2\/pages\/2655\/revisions"}],"wp:attachment":[{"href":"https:\/\/ccpe.org.ar\/web\/wp-json\/wp\/v2\/media?parent=2655"}],"curies":[{"name":"wp","href":"https:\/\/api.w.org\/{rel}","templated":true}]}}