{"id":2659,"date":"2021-03-03T09:52:32","date_gmt":"2021-03-03T12:52:32","guid":{"rendered":"https:\/\/ccpe.org.ar\/web\/?page_id=2659"},"modified":"2021-03-03T10:03:41","modified_gmt":"2021-03-03T13:03:41","slug":"taller-flotante","status":"publish","type":"page","link":"https:\/\/ccpe.org.ar\/web\/taller-flotante\/","title":{"rendered":"Taller Flotante"},"content":{"rendered":"<p><strong>Taller Flotante<\/strong> es una asociaci\u00f3n civil que se presenta como una plataforma de proyectos relacionados con las islas y con la costa de la cuenca sur del Plata \u2013 Paran\u00e1. Es un espacio de producci\u00f3n, investigaci\u00f3n y experimentaci\u00f3n extra disciplinar y autogestivo, que busca superar visiones establecidas y divisiones pol\u00edticas.<\/p>\n<p>El proyecto conjuga acciones de despliegue territorial con la activaci\u00f3n de distintas propuestas biopol\u00edticas.<\/p>\n<p>\u201cEn el acto de recorrer, viajar, propiciar el encuentro y el relato, activamos representaciones de un espacio emocional colectivo y volvemos a dotar a las representaciones territoriales de su vocaci\u00f3n. Se trata de re-dotar al agua (marr\u00f3n) de su aspecto simb\u00f3lico, que pierde en su construcci\u00f3n moderna como H2O (agua universal incolora, inodora, ins\u00edpida). El agua marr\u00f3n del Paran\u00e1 que arma y desarma lugares, por donde entran y salen migrantes de todo tipo y especie. Quiz\u00e1s all\u00ed resida una clave de identidades mestizas; un territorio inestable, que construye identidades en tr\u00e1nsito permanente\u201d.<\/p>\n<p>Desde Victoria, Entre R\u00edos, <strong>Taller Flotante<\/strong> trabaja a partir de la circulaci\u00f3n de los territorios como forma de conocimiento, de lectura y escritura simult\u00e1nea. Para ello convoca la mirada de investigadores, escritores, comunicadores, docentes y baqueanos, haci\u00e9ndose imprescindible que la comunidad y el paisaje convivan en intercambios de saberes, desde modos y medios muy diversos.<\/p>\n<p>La modalidad de producci\u00f3n es de talleres y\/o laboratorios. Cada uno de ellos deriva en relatos, informes, im\u00e1genes, objetos, formas, que desocultan la escala \u00edntima del territorio, y lo exponen empoderado en las escalas regional y global.<\/p>\n<p>Para las int\u00e9rpretes, activistas e impulsoras de <strong>Taller Flotante<\/strong> los nuevos mundos son posibles si se fomenta la contaminaci\u00f3n de saberes, la creaci\u00f3n de h\u00edbridos y la copulaci\u00f3n t\u00e9cnica, art\u00edstica y ancestral.<\/p>\n<p>&nbsp;<\/p>\n<h2><strong><u>Taller Flotante + Orilleras<\/u>:<\/strong><\/h2>\n<p><em>R\u00edo feminista<\/em><\/p>\n<p>Por Orilleras y Taller Flotante*<\/p>\n<p><u>Publicado en<\/u>: <em>P\u00e1gina 12<\/em>, suplemento <em>Las 12<\/em>, 7 de agosto de 2020.<\/p>\n<p>Somos un r\u00edo invisible de mujeres que sostiene en el cotidiano la vida de las comunidades y que sufrimos en carne propia el avance del extractivismo: la soja que empuj\u00f3 el ganado al humedal; el agronegocio que transform\u00f3 la forma de producci\u00f3n de vacas; el acopio industrial de pescado; el eje hidrov\u00eda Paraguay-Paran\u00e1; el sistema de puertos privados; el puente Rosario-Victoria; el mercado inmobiliario que amenaza nuestra vida en las islas sin ning\u00fan control.<\/p>\n<p>Hoy la quema es el emergente de la situaci\u00f3n estructural del modelo agroindustrial extractivo, que ahora se prepara para una nueva fase de arrasamiento de nuestra Pacha, que incluye la producci\u00f3n a gran escala de porcinos para exportar a China, nuevos eventos de la biotecnolog\u00eda (CRISPR-Impulsores Gen\u00e9ticos), duplicaci\u00f3n de la producci\u00f3n de bioetanol y biodiesel para ampliar la matriz de la biomasa alimentaria para los agrocombustibles, promoviendo + desmontes + agrot\u00f3xicos + fertilizantes sint\u00e9ticos, a lo que se le suma el manto de un proceso de innovaci\u00f3n tecnol\u00f3gica denominado Ag Tech &#8211; Agricultura 4.0 que reconoce como mentor a Bill Gates y su plan Ag One para la agricultura mundial .<\/p>\n<p>Las quemas salvajes muestran la pelea con fuego de los enormes intereses que quieren dominar el escenario del porvenir del humedal.<\/p>\n<p>La quema de la tierra es laceraci\u00f3n del cuerpo nuestrx. Nosotras sentimos la tristeza de la quema y el sufrimiento del r\u00edo. En nuestra identificaci\u00f3n con la tierra pulsamos su padecimiento, porque los que conviven con nuestro cuerpo corren: estampidas de nutrias que huyen desesperadas de unas llamas que las incineran. Todo negro, tierra quemada, humo asfixiante.<\/p>\n<p>Nosotras somos una palabra hablada que dice que estamos unidas luchando por lo mismo, a pesar de la pandemia con su agenda de aislamiento, estamos conectadas, encontr\u00e1ndonos, para reconocer al extractivismo como la mano del patriarcado capitalista, que nos quita nuestro r\u00edo y trabaja de la misma manera sobre nuestros cuerpos femeninos y femenizados.<\/p>\n<p>Las mujeres del r\u00edo nos dimos cuenta de que en las quemas hay una historia (ac\u00e1 queman desde que llegaron las vacas en 1582), tambi\u00e9n hay una estructura del capitalismo extractivo, y hay unos malditos que prenden la mecha. Para nosotras las feministas, la dominaci\u00f3n de las mujeres tiene una largu\u00edsima historia, una estructura hist\u00f3rica y compleja, y un maldito que va y te mata.<\/p>\n<p>Para arrasar con la tierra primero tuvieron que desplazar a las poblaciones isleras. As\u00ed, junto a los feminismos comunitarios, ind\u00edgenas y populares, comprendimos que este vaciamiento del territorio recae sobre las mujeres, que somos las que tejemos los lazos comunitarios.<\/p>\n<p>Antes hab\u00eda peque\u00f1os pueblos por los humedales. Un factor decisivo en la desaparici\u00f3n paulatina de estas formas de vida ha sido el puente que une Rosario y Victoria (a\u00f1o 2000). Fue cuando cortaron el r\u00edo por la mitad, y entonces dej\u00f3 de pasar la lancha de transporte de pasajeros, que era una comunicaci\u00f3n indispensable para la vida cotidiana.<\/p>\n<p>Adem\u00e1s, de la econom\u00eda feminista hemos aprendido sobre la identificaci\u00f3n productiva que hace el capital, de nuestro cuerpo con la naturaleza. La identificaci\u00f3n del cuerpo de las mujeres y de la trama femenina\/feminista que sostiene las comunidades, con el despojo extractivo del territorio, es la identificaci\u00f3n productiva de c\u00f3mo opera el capital para extraer valor. Ya siempre lo ven\u00eda extrayendo en el trabajo dom\u00e9stico y de cuidados invisible de las mujeres. Si a eso le sumamos que la comunidad est\u00e1 obligada a desplazarse porque no tiene servicios, ni educaci\u00f3n, ni salud, le queman el campo vecino y se le quema la chacra y los amenazan, las familias se van a los barrios pobres de las ciudades.<\/p>\n<p>\u00bfQu\u00e9 es el R\u00edo Feminista? Una metodolog\u00eda de hacer esto que vamos siendo\u2026<\/p>\n<p>En el R\u00edo Feminista con nuestra pr\u00e1ctica, activismo y reflexi\u00f3n colectiva, vamos atando cabos que vinculan el despojo extractivo y la quema de los humedales, con las historias de vida y las luchas y resistencias invisibles de estas que somos, las mujeres de las islas.<\/p>\n<p>Vamos construyendo una mirada feminista desde nuestro lugar concreto y corporal, que narra las historias de vida, anuda las luchas y re\u00fane las voces de nuestra memoria pol\u00edtica del r\u00edo. Juntamos nuestra experiencia microsc\u00f3pica de mujeres en la construcci\u00f3n comunitaria del territorio de los humedales, con la investigaci\u00f3n y el mapeo de los actores del saqueo.<\/p>\n<p>\u00bfQu\u00e9 es el R\u00edo Feminista? Somos una invitaci\u00f3n\u2026<\/p>\n<p>Un sue\u00f1o, un proyecto, un prop\u00f3sito de rescatar\/revivir la memoria pol\u00edtica del r\u00edo, que es un territorio en agon\u00eda. Nosotras decimos: se quema la isla, se quema Victoria, nos estamos quemando. Tenemos preguntas: \u00bfc\u00f3mo sostenemos los hilos qu\u00e9 quedan? \u00bfC\u00f3mo nos posicionamos frente a la enormidad de los intereses en juego? \u00bfQu\u00e9 hacemos con el monstruo y sus agentes y amigos?<\/p>\n<p>\u00bfQu\u00e9 alcanzamos a ver, en este reconocimiento de memorias pol\u00edticas, que nos ayude a pensar qu\u00e9 vamos a hacer?<\/p>\n<p>Nosotras decimos que la quema es el emergente, es la consecuencia de no tener una mirada feminista antipatriarcal del r\u00edo.<\/p>\n<p>Estamos recuperando nuestras memorias y contagiando palabras en la comunidad. Las palabras son depredadas, arrasadas, extraviadas. Estamos poniendo en los medios de comunicaci\u00f3n de Victoria y en los relatos cotidianos palabras que no estaban. Para poder definir nuestra situaci\u00f3n, traemos palabras viejas y otras nuevas, para dotar de sentido el presente y e iluminar la vida amenazada.<\/p>\n<p>Somos en m\u00faltiples voces. \u00bfQu\u00e9 somos? Somos en asambleas. Somos estas grupas de mujeres que atamos y desatamos luchas, las ponemos en evidencia, nos dotamos de politicidad. \u00bfQui\u00e9n nos roba el r\u00edo? Sacamos preguntas a la esfera p\u00fablica, interrogamos a les representantes del pueblo. \u00bfA\u00fan se puede de otra forma? El puente Rosario-Victoria nos hace pensar que s\u00ed. Hasta ahora, el puente\/camino ha sido cancelador de la vida del r\u00edo y vena abierta de Am\u00e9rica Latina. Sin embargo, los pueblos de las dos orillas, lo usamos para unirnos contra la quema y salvar a los humedales. \u00bfC\u00f3mo nos organizamos? En redes, decidimos de formas asamblearias horizontales, vamos por las preguntas, confiamos y nos queremos, desciframos los mapas de la dominaci\u00f3n, hacemos articulaciones que tengan centros operativos y no centros pol\u00edticos. Vamos descubriendo una potencia amorosa de transformaci\u00f3n.<\/p>\n<p>&nbsp;<\/p>\n<p>*<strong>Taller Flotante<\/strong> es una plataforma de proyectos relacionados con las islas y con la costa de la cuenca sur del Plata \u2013 Paran\u00e1. <strong>Orilleras<\/strong> es una organizaci\u00f3n feminista surgida en el marco de la proliferaci\u00f3n de la marea verde argentina al grito de Ni Una Menos. Ambas organizaciones son oriundas de Victoria, Entre R\u00edos.<\/p>\n<p>&nbsp;<\/p>\n<p><strong>Redes sociales:<\/strong><\/p>\n<p><span style=\"font-weight: 400;\">\u00a0<\/span><a href=\"https:\/\/www.facebook.com\/islista\"><span style=\"font-weight: 400;\">https:\/\/www.facebook.com\/islista<\/span><\/a><\/p>\n<p><span style=\"font-weight: 400;\">\u00a0<\/span><a href=\"https:\/\/www.instagram.com\/taller_flotante\/\"><span style=\"font-weight: 400;\">https:\/\/www.instagram.com\/taller_flotante\/<\/span><\/a><\/p>\n","protected":false},"excerpt":{"rendered":"<p>Taller Flotante es una asociaci\u00f3n civil que se presenta como una plataforma de proyectos relacionados con las islas y con la costa de la cuenca sur del Plata \u2013 Paran\u00e1. Es un espacio de producci\u00f3n, investigaci\u00f3n y experimentaci\u00f3n extra disciplinar y autogestivo, que busca superar visiones establecidas y divisiones pol\u00edticas. El proyecto conjuga acciones de [&hellip;]<\/p>\n","protected":false},"author":2,"featured_media":0,"parent":0,"menu_order":0,"comment_status":"closed","ping_status":"closed","template":"","meta":{"_et_pb_use_builder":"","_et_pb_old_content":"","_et_gb_content_width":"","_exactmetrics_skip_tracking":false,"_exactmetrics_sitenote_active":false,"_exactmetrics_sitenote_note":"","_exactmetrics_sitenote_category":0,"footnotes":""},"yoast_head":"<!-- This site is optimized with the Yoast SEO plugin v23.5 - https:\/\/yoast.com\/wordpress\/plugins\/seo\/ -->\n<title>Taller Flotante - Centro Cultural Parque de Espa\u00f1a\/AECID<\/title>\n<meta name=\"robots\" content=\"index, follow, max-snippet:-1, max-image-preview:large, max-video-preview:-1\" \/>\n<link rel=\"canonical\" href=\"https:\/\/ccpe.org.ar\/web\/taller-flotante\/\" \/>\n<meta property=\"og:locale\" content=\"es_ES\" \/>\n<meta property=\"og:type\" content=\"article\" \/>\n<meta property=\"og:title\" content=\"Taller Flotante - Centro Cultural Parque de Espa\u00f1a\/AECID\" \/>\n<meta property=\"og:description\" content=\"Taller Flotante es una asociaci\u00f3n civil que se presenta como una plataforma de proyectos relacionados con las islas y con la costa de la cuenca sur del Plata \u2013 Paran\u00e1. Es un espacio de producci\u00f3n, investigaci\u00f3n y experimentaci\u00f3n extra disciplinar y autogestivo, que busca superar visiones establecidas y divisiones pol\u00edticas. El proyecto conjuga acciones de [&hellip;]\" \/>\n<meta property=\"og:url\" content=\"https:\/\/ccpe.org.ar\/web\/taller-flotante\/\" \/>\n<meta property=\"og:site_name\" content=\"Centro Cultural Parque de Espa\u00f1a\/AECID\" \/>\n<meta property=\"article:publisher\" content=\"https:\/\/www.facebook.com\/CCPErosario\/\" \/>\n<meta property=\"article:modified_time\" content=\"2021-03-03T13:03:41+00:00\" \/>\n<meta name=\"twitter:card\" content=\"summary_large_image\" \/>\n<meta name=\"twitter:site\" content=\"@ccpe\" \/>\n<meta name=\"twitter:label1\" content=\"Tiempo de lectura\" \/>\n\t<meta name=\"twitter:data1\" content=\"6 minutos\" \/>\n<script type=\"application\/ld+json\" class=\"yoast-schema-graph\">{\"@context\":\"https:\/\/schema.org\",\"@graph\":[{\"@type\":\"WebPage\",\"@id\":\"https:\/\/ccpe.org.ar\/web\/taller-flotante\/\",\"url\":\"https:\/\/ccpe.org.ar\/web\/taller-flotante\/\",\"name\":\"Taller Flotante - Centro Cultural Parque de Espa\u00f1a\/AECID\",\"isPartOf\":{\"@id\":\"https:\/\/ccpe.org.ar\/web\/#website\"},\"datePublished\":\"2021-03-03T12:52:32+00:00\",\"dateModified\":\"2021-03-03T13:03:41+00:00\",\"breadcrumb\":{\"@id\":\"https:\/\/ccpe.org.ar\/web\/taller-flotante\/#breadcrumb\"},\"inLanguage\":\"es\",\"potentialAction\":[{\"@type\":\"ReadAction\",\"target\":[\"https:\/\/ccpe.org.ar\/web\/taller-flotante\/\"]}]},{\"@type\":\"BreadcrumbList\",\"@id\":\"https:\/\/ccpe.org.ar\/web\/taller-flotante\/#breadcrumb\",\"itemListElement\":[{\"@type\":\"ListItem\",\"position\":1,\"name\":\"Portada\",\"item\":\"https:\/\/ccpe.org.ar\/web\/\"},{\"@type\":\"ListItem\",\"position\":2,\"name\":\"Taller Flotante\"}]},{\"@type\":\"WebSite\",\"@id\":\"https:\/\/ccpe.org.ar\/web\/#website\",\"url\":\"https:\/\/ccpe.org.ar\/web\/\",\"name\":\"Centro Cultural Parque de Espa\u00f1a\/AECID\",\"description\":\"Sitio web del Centro Cultural Parque de Espa\u00f1a\/AECID\",\"potentialAction\":[{\"@type\":\"SearchAction\",\"target\":{\"@type\":\"EntryPoint\",\"urlTemplate\":\"https:\/\/ccpe.org.ar\/web\/?s={search_term_string}\"},\"query-input\":{\"@type\":\"PropertyValueSpecification\",\"valueRequired\":true,\"valueName\":\"search_term_string\"}}],\"inLanguage\":\"es\"}]}<\/script>\n<!-- \/ Yoast SEO plugin. -->","yoast_head_json":{"title":"Taller Flotante - Centro Cultural Parque de Espa\u00f1a\/AECID","robots":{"index":"index","follow":"follow","max-snippet":"max-snippet:-1","max-image-preview":"max-image-preview:large","max-video-preview":"max-video-preview:-1"},"canonical":"https:\/\/ccpe.org.ar\/web\/taller-flotante\/","og_locale":"es_ES","og_type":"article","og_title":"Taller Flotante - Centro Cultural Parque de Espa\u00f1a\/AECID","og_description":"Taller Flotante es una asociaci\u00f3n civil que se presenta como una plataforma de proyectos relacionados con las islas y con la costa de la cuenca sur del Plata \u2013 Paran\u00e1. Es un espacio de producci\u00f3n, investigaci\u00f3n y experimentaci\u00f3n extra disciplinar y autogestivo, que busca superar visiones establecidas y divisiones pol\u00edticas. El proyecto conjuga acciones de [&hellip;]","og_url":"https:\/\/ccpe.org.ar\/web\/taller-flotante\/","og_site_name":"Centro Cultural Parque de Espa\u00f1a\/AECID","article_publisher":"https:\/\/www.facebook.com\/CCPErosario\/","article_modified_time":"2021-03-03T13:03:41+00:00","twitter_card":"summary_large_image","twitter_site":"@ccpe","twitter_misc":{"Tiempo de lectura":"6 minutos"},"schema":{"@context":"https:\/\/schema.org","@graph":[{"@type":"WebPage","@id":"https:\/\/ccpe.org.ar\/web\/taller-flotante\/","url":"https:\/\/ccpe.org.ar\/web\/taller-flotante\/","name":"Taller Flotante - Centro Cultural Parque de Espa\u00f1a\/AECID","isPartOf":{"@id":"https:\/\/ccpe.org.ar\/web\/#website"},"datePublished":"2021-03-03T12:52:32+00:00","dateModified":"2021-03-03T13:03:41+00:00","breadcrumb":{"@id":"https:\/\/ccpe.org.ar\/web\/taller-flotante\/#breadcrumb"},"inLanguage":"es","potentialAction":[{"@type":"ReadAction","target":["https:\/\/ccpe.org.ar\/web\/taller-flotante\/"]}]},{"@type":"BreadcrumbList","@id":"https:\/\/ccpe.org.ar\/web\/taller-flotante\/#breadcrumb","itemListElement":[{"@type":"ListItem","position":1,"name":"Portada","item":"https:\/\/ccpe.org.ar\/web\/"},{"@type":"ListItem","position":2,"name":"Taller Flotante"}]},{"@type":"WebSite","@id":"https:\/\/ccpe.org.ar\/web\/#website","url":"https:\/\/ccpe.org.ar\/web\/","name":"Centro Cultural Parque de Espa\u00f1a\/AECID","description":"Sitio web del Centro Cultural Parque de Espa\u00f1a\/AECID","potentialAction":[{"@type":"SearchAction","target":{"@type":"EntryPoint","urlTemplate":"https:\/\/ccpe.org.ar\/web\/?s={search_term_string}"},"query-input":{"@type":"PropertyValueSpecification","valueRequired":true,"valueName":"search_term_string"}}],"inLanguage":"es"}]}},"_links":{"self":[{"href":"https:\/\/ccpe.org.ar\/web\/wp-json\/wp\/v2\/pages\/2659"}],"collection":[{"href":"https:\/\/ccpe.org.ar\/web\/wp-json\/wp\/v2\/pages"}],"about":[{"href":"https:\/\/ccpe.org.ar\/web\/wp-json\/wp\/v2\/types\/page"}],"author":[{"embeddable":true,"href":"https:\/\/ccpe.org.ar\/web\/wp-json\/wp\/v2\/users\/2"}],"replies":[{"embeddable":true,"href":"https:\/\/ccpe.org.ar\/web\/wp-json\/wp\/v2\/comments?post=2659"}],"version-history":[{"count":0,"href":"https:\/\/ccpe.org.ar\/web\/wp-json\/wp\/v2\/pages\/2659\/revisions"}],"wp:attachment":[{"href":"https:\/\/ccpe.org.ar\/web\/wp-json\/wp\/v2\/media?parent=2659"}],"curies":[{"name":"wp","href":"https:\/\/api.w.org\/{rel}","templated":true}]}}