{"id":2662,"date":"2021-03-03T09:55:35","date_gmt":"2021-03-03T12:55:35","guid":{"rendered":"https:\/\/ccpe.org.ar\/web\/?page_id=2662"},"modified":"2021-03-03T09:55:35","modified_gmt":"2021-03-03T12:55:35","slug":"ceramiqueras-del-barrio","status":"publish","type":"page","link":"https:\/\/ccpe.org.ar\/web\/ceramiqueras-del-barrio\/","title":{"rendered":"Ceramiqueras del Barr(i)o"},"content":{"rendered":"<p><strong>Ceramiqueras del Barr(i)o<\/strong> es un proyecto que, desde Victoria, Entre R\u00edos, tiene como objetivo construir una red de mujeres artesanas en los barrios de la ciudad a trav\u00e9s de la materia prima del lugar (arcillas).<\/p>\n<p>Se propone generar nuevas redes de significados para las mujeres de sectores m\u00e1s vulnerados desde la pr\u00e1ctica ceram\u00edstica, al mismo tiempo que procura generar espacios productivos como ferias, eventos e intercambios que aboguen, animen y preparen hacia nuevas econom\u00edas populares.<\/p>\n<p>A trav\u00e9s de talleres callejeros de cer\u00e1mica en barrios de Victoria, milita por la construcci\u00f3n de movimientos art\u00edsticos, productivos y econ\u00f3micos con perspectiva de g\u00e9nero.<\/p>\n","protected":false},"excerpt":{"rendered":"<p>Ceramiqueras del Barr(i)o es un proyecto que, desde Victoria, Entre R\u00edos, tiene como objetivo construir una red de mujeres artesanas en los barrios de la ciudad a trav\u00e9s de la materia prima del lugar (arcillas). Se propone generar nuevas redes de significados para las mujeres de sectores m\u00e1s vulnerados desde la pr\u00e1ctica ceram\u00edstica, al mismo [&hellip;]<\/p>\n","protected":false},"author":2,"featured_media":0,"parent":0,"menu_order":0,"comment_status":"closed","ping_status":"closed","template":"","meta":{"_et_pb_use_builder":"","_et_pb_old_content":"","_et_gb_content_width":"","_exactmetrics_skip_tracking":false,"_exactmetrics_sitenote_active":false,"_exactmetrics_sitenote_note":"","_exactmetrics_sitenote_category":0,"footnotes":""},"yoast_head":"<!-- This site is optimized with the Yoast SEO plugin v23.5 - https:\/\/yoast.com\/wordpress\/plugins\/seo\/ -->\n<title>Ceramiqueras del Barr(i)o - Centro Cultural Parque de Espa\u00f1a\/AECID<\/title>\n<meta name=\"robots\" content=\"index, follow, max-snippet:-1, max-image-preview:large, max-video-preview:-1\" \/>\n<link rel=\"canonical\" href=\"https:\/\/ccpe.org.ar\/web\/ceramiqueras-del-barrio\/\" \/>\n<meta property=\"og:locale\" content=\"es_ES\" \/>\n<meta property=\"og:type\" content=\"article\" \/>\n<meta property=\"og:title\" content=\"Ceramiqueras del Barr(i)o - Centro Cultural Parque de Espa\u00f1a\/AECID\" \/>\n<meta property=\"og:description\" content=\"Ceramiqueras del Barr(i)o es un proyecto que, desde Victoria, Entre R\u00edos, tiene como objetivo construir una red de mujeres artesanas en los barrios de la ciudad a trav\u00e9s de la materia prima del lugar (arcillas). Se propone generar nuevas redes de significados para las mujeres de sectores m\u00e1s vulnerados desde la pr\u00e1ctica ceram\u00edstica, al mismo [&hellip;]\" \/>\n<meta property=\"og:url\" content=\"https:\/\/ccpe.org.ar\/web\/ceramiqueras-del-barrio\/\" \/>\n<meta property=\"og:site_name\" content=\"Centro Cultural Parque de Espa\u00f1a\/AECID\" \/>\n<meta property=\"article:publisher\" content=\"https:\/\/www.facebook.com\/CCPErosario\/\" \/>\n<meta name=\"twitter:card\" content=\"summary_large_image\" \/>\n<meta name=\"twitter:site\" content=\"@ccpe\" \/>\n<meta name=\"twitter:label1\" content=\"Tiempo de lectura\" \/>\n\t<meta name=\"twitter:data1\" content=\"1 minuto\" \/>\n<script type=\"application\/ld+json\" class=\"yoast-schema-graph\">{\"@context\":\"https:\/\/schema.org\",\"@graph\":[{\"@type\":\"WebPage\",\"@id\":\"https:\/\/ccpe.org.ar\/web\/ceramiqueras-del-barrio\/\",\"url\":\"https:\/\/ccpe.org.ar\/web\/ceramiqueras-del-barrio\/\",\"name\":\"Ceramiqueras del Barr(i)o - Centro Cultural Parque de Espa\u00f1a\/AECID\",\"isPartOf\":{\"@id\":\"https:\/\/ccpe.org.ar\/web\/#website\"},\"datePublished\":\"2021-03-03T12:55:35+00:00\",\"dateModified\":\"2021-03-03T12:55:35+00:00\",\"breadcrumb\":{\"@id\":\"https:\/\/ccpe.org.ar\/web\/ceramiqueras-del-barrio\/#breadcrumb\"},\"inLanguage\":\"es\",\"potentialAction\":[{\"@type\":\"ReadAction\",\"target\":[\"https:\/\/ccpe.org.ar\/web\/ceramiqueras-del-barrio\/\"]}]},{\"@type\":\"BreadcrumbList\",\"@id\":\"https:\/\/ccpe.org.ar\/web\/ceramiqueras-del-barrio\/#breadcrumb\",\"itemListElement\":[{\"@type\":\"ListItem\",\"position\":1,\"name\":\"Portada\",\"item\":\"https:\/\/ccpe.org.ar\/web\/\"},{\"@type\":\"ListItem\",\"position\":2,\"name\":\"Ceramiqueras del Barr(i)o\"}]},{\"@type\":\"WebSite\",\"@id\":\"https:\/\/ccpe.org.ar\/web\/#website\",\"url\":\"https:\/\/ccpe.org.ar\/web\/\",\"name\":\"Centro Cultural Parque de Espa\u00f1a\/AECID\",\"description\":\"Sitio web del Centro Cultural Parque de Espa\u00f1a\/AECID\",\"potentialAction\":[{\"@type\":\"SearchAction\",\"target\":{\"@type\":\"EntryPoint\",\"urlTemplate\":\"https:\/\/ccpe.org.ar\/web\/?s={search_term_string}\"},\"query-input\":{\"@type\":\"PropertyValueSpecification\",\"valueRequired\":true,\"valueName\":\"search_term_string\"}}],\"inLanguage\":\"es\"}]}<\/script>\n<!-- \/ Yoast SEO plugin. -->","yoast_head_json":{"title":"Ceramiqueras del Barr(i)o - Centro Cultural Parque de Espa\u00f1a\/AECID","robots":{"index":"index","follow":"follow","max-snippet":"max-snippet:-1","max-image-preview":"max-image-preview:large","max-video-preview":"max-video-preview:-1"},"canonical":"https:\/\/ccpe.org.ar\/web\/ceramiqueras-del-barrio\/","og_locale":"es_ES","og_type":"article","og_title":"Ceramiqueras del Barr(i)o - Centro Cultural Parque de Espa\u00f1a\/AECID","og_description":"Ceramiqueras del Barr(i)o es un proyecto que, desde Victoria, Entre R\u00edos, tiene como objetivo construir una red de mujeres artesanas en los barrios de la ciudad a trav\u00e9s de la materia prima del lugar (arcillas). Se propone generar nuevas redes de significados para las mujeres de sectores m\u00e1s vulnerados desde la pr\u00e1ctica ceram\u00edstica, al mismo [&hellip;]","og_url":"https:\/\/ccpe.org.ar\/web\/ceramiqueras-del-barrio\/","og_site_name":"Centro Cultural Parque de Espa\u00f1a\/AECID","article_publisher":"https:\/\/www.facebook.com\/CCPErosario\/","twitter_card":"summary_large_image","twitter_site":"@ccpe","twitter_misc":{"Tiempo de lectura":"1 minuto"},"schema":{"@context":"https:\/\/schema.org","@graph":[{"@type":"WebPage","@id":"https:\/\/ccpe.org.ar\/web\/ceramiqueras-del-barrio\/","url":"https:\/\/ccpe.org.ar\/web\/ceramiqueras-del-barrio\/","name":"Ceramiqueras del Barr(i)o - Centro Cultural Parque de Espa\u00f1a\/AECID","isPartOf":{"@id":"https:\/\/ccpe.org.ar\/web\/#website"},"datePublished":"2021-03-03T12:55:35+00:00","dateModified":"2021-03-03T12:55:35+00:00","breadcrumb":{"@id":"https:\/\/ccpe.org.ar\/web\/ceramiqueras-del-barrio\/#breadcrumb"},"inLanguage":"es","potentialAction":[{"@type":"ReadAction","target":["https:\/\/ccpe.org.ar\/web\/ceramiqueras-del-barrio\/"]}]},{"@type":"BreadcrumbList","@id":"https:\/\/ccpe.org.ar\/web\/ceramiqueras-del-barrio\/#breadcrumb","itemListElement":[{"@type":"ListItem","position":1,"name":"Portada","item":"https:\/\/ccpe.org.ar\/web\/"},{"@type":"ListItem","position":2,"name":"Ceramiqueras del Barr(i)o"}]},{"@type":"WebSite","@id":"https:\/\/ccpe.org.ar\/web\/#website","url":"https:\/\/ccpe.org.ar\/web\/","name":"Centro Cultural Parque de Espa\u00f1a\/AECID","description":"Sitio web del Centro Cultural Parque de Espa\u00f1a\/AECID","potentialAction":[{"@type":"SearchAction","target":{"@type":"EntryPoint","urlTemplate":"https:\/\/ccpe.org.ar\/web\/?s={search_term_string}"},"query-input":{"@type":"PropertyValueSpecification","valueRequired":true,"valueName":"search_term_string"}}],"inLanguage":"es"}]}},"_links":{"self":[{"href":"https:\/\/ccpe.org.ar\/web\/wp-json\/wp\/v2\/pages\/2662"}],"collection":[{"href":"https:\/\/ccpe.org.ar\/web\/wp-json\/wp\/v2\/pages"}],"about":[{"href":"https:\/\/ccpe.org.ar\/web\/wp-json\/wp\/v2\/types\/page"}],"author":[{"embeddable":true,"href":"https:\/\/ccpe.org.ar\/web\/wp-json\/wp\/v2\/users\/2"}],"replies":[{"embeddable":true,"href":"https:\/\/ccpe.org.ar\/web\/wp-json\/wp\/v2\/comments?post=2662"}],"version-history":[{"count":0,"href":"https:\/\/ccpe.org.ar\/web\/wp-json\/wp\/v2\/pages\/2662\/revisions"}],"wp:attachment":[{"href":"https:\/\/ccpe.org.ar\/web\/wp-json\/wp\/v2\/media?parent=2662"}],"curies":[{"name":"wp","href":"https:\/\/api.w.org\/{rel}","templated":true}]}}