{"id":2664,"date":"2021-03-03T09:57:27","date_gmt":"2021-03-03T12:57:27","guid":{"rendered":"https:\/\/ccpe.org.ar\/web\/?page_id=2664"},"modified":"2021-03-03T10:09:05","modified_gmt":"2021-03-03T13:09:05","slug":"thigra-multisectorial-humedales-tu-fuego-es-complice","status":"publish","type":"page","link":"https:\/\/ccpe.org.ar\/web\/thigra-multisectorial-humedales-tu-fuego-es-complice\/","title":{"rendered":"Thigra + Multisectorial Humedales: Tu fuego es c\u00f3mplice"},"content":{"rendered":"<p><strong>Thigra<\/strong> es un d\u00fao de artistas conformado por <strong>Ximena Pereyra<\/strong> y <strong>Silvina Amoy<\/strong> que en 2020, junto con la <strong>Multisectorial Humedales<\/strong>, present\u00f3 <em>Tu fuego es c\u00f3mplice<\/em>. Una intervenci\u00f3n que consisti\u00f3 en trasladar las escenas de lucha contra los incendios de las islas del Delta del r\u00edo Paran\u00e1 a un emplazamiento urbano caracter\u00edstico de Rosario ubicado en el centro de la ciudad.<\/p>\n<p>Esto sucedi\u00f3 durante la tarde del 6 de noviembre, con la participaci\u00f3n de m\u00e1s de 200 voluntarios decididos a enunciarse en este gran gesto colectivo de denuncia ante los avances del ecocidio.<\/p>\n<p>Desde el r\u00edo Paran\u00e1 se form\u00f3 una cadena de pasamanos de m\u00e1s de 150 metros, por la que circularon baldes con agua hasta la base del Monumento a la Bandera. Al mismo tiempo, tres escaladores treparon la proa del edificio patrio y colgaron desde all\u00ed una bandera que se despleg\u00f3 en la mitad de la acci\u00f3n, la cual dejaba ver la inscripci\u00f3n \u201cTu fuego es c\u00f3mplice\u201d.<\/p>\n<p>&nbsp;<\/p>\n<p><strong>Redes sociales:<\/strong><\/p>\n<p><a href=\"https:\/\/www.instagram.com\/thigrra\/\"><span style=\"font-weight: 400;\">https:\/\/www.instagram.com\/thigrra\/<\/span><\/a><\/p>\n<p><span style=\"font-weight: 400;\">\u00a0<\/span><a href=\"https:\/\/www.instagram.com\/multisectorialhumedales\/\"><span style=\"font-weight: 400;\">https:\/\/www.instagram.com\/multisectorialhumedales\/<\/span><\/a><span style=\"font-weight: 400;\">\u00a0<\/span><\/p>\n<p><a href=\"https:\/\/www.facebook.com\/elcuerpoeselmensaje\"><span style=\"font-weight: 400;\">https:\/\/www.facebook.com\/elcuerpoeselmensaje<\/span><\/a><\/p>\n<p><span style=\"font-weight: 400;\">\u00a0<\/span><a href=\"https:\/\/www.facebook.com\/multisectorialporloshumedales\"><span style=\"font-weight: 400;\">https:\/\/www.facebook.com\/multisectorialporloshumedales<\/span><\/a><\/p>\n","protected":false},"excerpt":{"rendered":"<p>Thigra es un d\u00fao de artistas conformado por Ximena Pereyra y Silvina Amoy que en 2020, junto con la Multisectorial Humedales, present\u00f3 Tu fuego es c\u00f3mplice. Una intervenci\u00f3n que consisti\u00f3 en trasladar las escenas de lucha contra los incendios de las islas del Delta del r\u00edo Paran\u00e1 a un emplazamiento urbano caracter\u00edstico de Rosario ubicado [&hellip;]<\/p>\n","protected":false},"author":2,"featured_media":0,"parent":0,"menu_order":0,"comment_status":"closed","ping_status":"closed","template":"","meta":{"_et_pb_use_builder":"","_et_pb_old_content":"","_et_gb_content_width":"","_exactmetrics_skip_tracking":false,"_exactmetrics_sitenote_active":false,"_exactmetrics_sitenote_note":"","_exactmetrics_sitenote_category":0,"footnotes":""},"yoast_head":"<!-- This site is optimized with the Yoast SEO plugin v23.5 - https:\/\/yoast.com\/wordpress\/plugins\/seo\/ -->\n<title>Thigra + Multisectorial Humedales: Tu fuego es c\u00f3mplice - Centro Cultural Parque de Espa\u00f1a\/AECID<\/title>\n<meta name=\"robots\" content=\"index, follow, max-snippet:-1, max-image-preview:large, max-video-preview:-1\" \/>\n<link rel=\"canonical\" href=\"https:\/\/ccpe.org.ar\/web\/thigra-multisectorial-humedales-tu-fuego-es-complice\/\" \/>\n<meta property=\"og:locale\" content=\"es_ES\" \/>\n<meta property=\"og:type\" content=\"article\" \/>\n<meta property=\"og:title\" content=\"Thigra + Multisectorial Humedales: Tu fuego es c\u00f3mplice - Centro Cultural Parque de Espa\u00f1a\/AECID\" \/>\n<meta property=\"og:description\" content=\"Thigra es un d\u00fao de artistas conformado por Ximena Pereyra y Silvina Amoy que en 2020, junto con la Multisectorial Humedales, present\u00f3 Tu fuego es c\u00f3mplice. Una intervenci\u00f3n que consisti\u00f3 en trasladar las escenas de lucha contra los incendios de las islas del Delta del r\u00edo Paran\u00e1 a un emplazamiento urbano caracter\u00edstico de Rosario ubicado [&hellip;]\" \/>\n<meta property=\"og:url\" content=\"https:\/\/ccpe.org.ar\/web\/thigra-multisectorial-humedales-tu-fuego-es-complice\/\" \/>\n<meta property=\"og:site_name\" content=\"Centro Cultural Parque de Espa\u00f1a\/AECID\" \/>\n<meta property=\"article:publisher\" content=\"https:\/\/www.facebook.com\/CCPErosario\/\" \/>\n<meta property=\"article:modified_time\" content=\"2021-03-03T13:09:05+00:00\" \/>\n<meta name=\"twitter:card\" content=\"summary_large_image\" \/>\n<meta name=\"twitter:site\" content=\"@ccpe\" \/>\n<meta name=\"twitter:label1\" content=\"Tiempo de lectura\" \/>\n\t<meta name=\"twitter:data1\" content=\"1 minuto\" \/>\n<script type=\"application\/ld+json\" class=\"yoast-schema-graph\">{\"@context\":\"https:\/\/schema.org\",\"@graph\":[{\"@type\":\"WebPage\",\"@id\":\"https:\/\/ccpe.org.ar\/web\/thigra-multisectorial-humedales-tu-fuego-es-complice\/\",\"url\":\"https:\/\/ccpe.org.ar\/web\/thigra-multisectorial-humedales-tu-fuego-es-complice\/\",\"name\":\"Thigra + Multisectorial Humedales: Tu fuego es c\u00f3mplice - Centro Cultural Parque de Espa\u00f1a\/AECID\",\"isPartOf\":{\"@id\":\"https:\/\/ccpe.org.ar\/web\/#website\"},\"datePublished\":\"2021-03-03T12:57:27+00:00\",\"dateModified\":\"2021-03-03T13:09:05+00:00\",\"breadcrumb\":{\"@id\":\"https:\/\/ccpe.org.ar\/web\/thigra-multisectorial-humedales-tu-fuego-es-complice\/#breadcrumb\"},\"inLanguage\":\"es\",\"potentialAction\":[{\"@type\":\"ReadAction\",\"target\":[\"https:\/\/ccpe.org.ar\/web\/thigra-multisectorial-humedales-tu-fuego-es-complice\/\"]}]},{\"@type\":\"BreadcrumbList\",\"@id\":\"https:\/\/ccpe.org.ar\/web\/thigra-multisectorial-humedales-tu-fuego-es-complice\/#breadcrumb\",\"itemListElement\":[{\"@type\":\"ListItem\",\"position\":1,\"name\":\"Portada\",\"item\":\"https:\/\/ccpe.org.ar\/web\/\"},{\"@type\":\"ListItem\",\"position\":2,\"name\":\"Thigra + Multisectorial Humedales: Tu fuego es c\u00f3mplice\"}]},{\"@type\":\"WebSite\",\"@id\":\"https:\/\/ccpe.org.ar\/web\/#website\",\"url\":\"https:\/\/ccpe.org.ar\/web\/\",\"name\":\"Centro Cultural Parque de Espa\u00f1a\/AECID\",\"description\":\"Sitio web del Centro Cultural Parque de Espa\u00f1a\/AECID\",\"potentialAction\":[{\"@type\":\"SearchAction\",\"target\":{\"@type\":\"EntryPoint\",\"urlTemplate\":\"https:\/\/ccpe.org.ar\/web\/?s={search_term_string}\"},\"query-input\":{\"@type\":\"PropertyValueSpecification\",\"valueRequired\":true,\"valueName\":\"search_term_string\"}}],\"inLanguage\":\"es\"}]}<\/script>\n<!-- \/ Yoast SEO plugin. -->","yoast_head_json":{"title":"Thigra + Multisectorial Humedales: Tu fuego es c\u00f3mplice - Centro Cultural Parque de Espa\u00f1a\/AECID","robots":{"index":"index","follow":"follow","max-snippet":"max-snippet:-1","max-image-preview":"max-image-preview:large","max-video-preview":"max-video-preview:-1"},"canonical":"https:\/\/ccpe.org.ar\/web\/thigra-multisectorial-humedales-tu-fuego-es-complice\/","og_locale":"es_ES","og_type":"article","og_title":"Thigra + Multisectorial Humedales: Tu fuego es c\u00f3mplice - Centro Cultural Parque de Espa\u00f1a\/AECID","og_description":"Thigra es un d\u00fao de artistas conformado por Ximena Pereyra y Silvina Amoy que en 2020, junto con la Multisectorial Humedales, present\u00f3 Tu fuego es c\u00f3mplice. Una intervenci\u00f3n que consisti\u00f3 en trasladar las escenas de lucha contra los incendios de las islas del Delta del r\u00edo Paran\u00e1 a un emplazamiento urbano caracter\u00edstico de Rosario ubicado [&hellip;]","og_url":"https:\/\/ccpe.org.ar\/web\/thigra-multisectorial-humedales-tu-fuego-es-complice\/","og_site_name":"Centro Cultural Parque de Espa\u00f1a\/AECID","article_publisher":"https:\/\/www.facebook.com\/CCPErosario\/","article_modified_time":"2021-03-03T13:09:05+00:00","twitter_card":"summary_large_image","twitter_site":"@ccpe","twitter_misc":{"Tiempo de lectura":"1 minuto"},"schema":{"@context":"https:\/\/schema.org","@graph":[{"@type":"WebPage","@id":"https:\/\/ccpe.org.ar\/web\/thigra-multisectorial-humedales-tu-fuego-es-complice\/","url":"https:\/\/ccpe.org.ar\/web\/thigra-multisectorial-humedales-tu-fuego-es-complice\/","name":"Thigra + Multisectorial Humedales: Tu fuego es c\u00f3mplice - Centro Cultural Parque de Espa\u00f1a\/AECID","isPartOf":{"@id":"https:\/\/ccpe.org.ar\/web\/#website"},"datePublished":"2021-03-03T12:57:27+00:00","dateModified":"2021-03-03T13:09:05+00:00","breadcrumb":{"@id":"https:\/\/ccpe.org.ar\/web\/thigra-multisectorial-humedales-tu-fuego-es-complice\/#breadcrumb"},"inLanguage":"es","potentialAction":[{"@type":"ReadAction","target":["https:\/\/ccpe.org.ar\/web\/thigra-multisectorial-humedales-tu-fuego-es-complice\/"]}]},{"@type":"BreadcrumbList","@id":"https:\/\/ccpe.org.ar\/web\/thigra-multisectorial-humedales-tu-fuego-es-complice\/#breadcrumb","itemListElement":[{"@type":"ListItem","position":1,"name":"Portada","item":"https:\/\/ccpe.org.ar\/web\/"},{"@type":"ListItem","position":2,"name":"Thigra + Multisectorial Humedales: Tu fuego es c\u00f3mplice"}]},{"@type":"WebSite","@id":"https:\/\/ccpe.org.ar\/web\/#website","url":"https:\/\/ccpe.org.ar\/web\/","name":"Centro Cultural Parque de Espa\u00f1a\/AECID","description":"Sitio web del Centro Cultural Parque de Espa\u00f1a\/AECID","potentialAction":[{"@type":"SearchAction","target":{"@type":"EntryPoint","urlTemplate":"https:\/\/ccpe.org.ar\/web\/?s={search_term_string}"},"query-input":{"@type":"PropertyValueSpecification","valueRequired":true,"valueName":"search_term_string"}}],"inLanguage":"es"}]}},"_links":{"self":[{"href":"https:\/\/ccpe.org.ar\/web\/wp-json\/wp\/v2\/pages\/2664"}],"collection":[{"href":"https:\/\/ccpe.org.ar\/web\/wp-json\/wp\/v2\/pages"}],"about":[{"href":"https:\/\/ccpe.org.ar\/web\/wp-json\/wp\/v2\/types\/page"}],"author":[{"embeddable":true,"href":"https:\/\/ccpe.org.ar\/web\/wp-json\/wp\/v2\/users\/2"}],"replies":[{"embeddable":true,"href":"https:\/\/ccpe.org.ar\/web\/wp-json\/wp\/v2\/comments?post=2664"}],"version-history":[{"count":0,"href":"https:\/\/ccpe.org.ar\/web\/wp-json\/wp\/v2\/pages\/2664\/revisions"}],"wp:attachment":[{"href":"https:\/\/ccpe.org.ar\/web\/wp-json\/wp\/v2\/media?parent=2664"}],"curies":[{"name":"wp","href":"https:\/\/api.w.org\/{rel}","templated":true}]}}