{"id":2668,"date":"2021-03-03T10:07:27","date_gmt":"2021-03-03T13:07:27","guid":{"rendered":"https:\/\/ccpe.org.ar\/web\/?page_id=2668"},"modified":"2021-03-03T10:08:04","modified_gmt":"2021-03-03T13:08:04","slug":"rio-parana-una-tonelada-memoria-ancestral-viva","status":"publish","type":"page","link":"https:\/\/ccpe.org.ar\/web\/rio-parana-una-tonelada-memoria-ancestral-viva\/","title":{"rendered":"R\u00edo Paran\u00e1: Una tonelada &#8211; memoria ancestral viva"},"content":{"rendered":"<p><strong>R\u00edo Paran\u00e1 <\/strong>es una pareja de artistas visuales trans conformada por <strong>Duen Sacchi <\/strong>y <strong>Mag de Santo<\/strong>. Son performers, escritores, investigadores, curadores, ex-fil\u00f3sofas, docentes. Actualmente trabajan en proyectos que cruzan la imaginaci\u00f3n ut\u00f3pica, la ficci\u00f3n social, las disidencias sexuales y el anticolonialismo.<\/p>\n<p><em>Una tonelada \u2013 memoria ancestral viva <\/em>es un proyecto que <strong>R\u00edo Paran\u00e1 <\/strong>realiz\u00f3 en 2020 se\u00f1alando el saqueo que el Conde Henry de La Vaulx hizo en territorio mapuche-tehuelche durante su exploraci\u00f3n de la Patagonia a fines del siglo XIX. En este viaje La Vaulx usurp\u00f3 una tonelada de material org\u00e1nico perteneciente a los pueblos originarios. Colecciono\u0301 cerca de 1300 objetos arqueolo\u0301gicos y etnogra\u0301ficos mediante intercambios con las comunidades originarias en Wallmapu, saqueos y profanaciones de sepulturas. Luego el Conde envi\u00f3 esta \u201ctonelada\u201d a Par\u00eds para ser catalogada y expuesta en museos franceses.<\/p>\n<p>El se\u00f1alamiento performativo que este d\u00fao hace parte de una toma espiritual del territorio y del emplazamiento de una posta de memoria ancestral viva para contar esta historia y poner en escena procesos hist\u00f3ricos de colonizaci\u00f3n que contin\u00faan impactando en la actualidad.<\/p>\n<p><strong>Redes sociales:<\/strong><\/p>\n<p><span style=\"font-weight: 400;\">\u00a0<\/span><a href=\"https:\/\/www.instagram.com\/riooo_paranaaa\/\"><span style=\"font-weight: 400;\">https:\/\/www.instagram.com\/riooo_paranaaa\/<\/span><\/a><span style=\"font-weight: 400;\">\u00a0<\/span><\/p>\n<p><a href=\"https:\/\/www.facebook.com\/xaradramaking\"><span style=\"font-weight: 400;\">https:\/\/www.facebook.com\/xaradramaking<\/span><\/a><\/p>\n<p>&nbsp;<\/p>\n","protected":false},"excerpt":{"rendered":"<p>R\u00edo Paran\u00e1 es una pareja de artistas visuales trans conformada por Duen Sacchi y Mag de Santo. Son performers, escritores, investigadores, curadores, ex-fil\u00f3sofas, docentes. Actualmente trabajan en proyectos que cruzan la imaginaci\u00f3n ut\u00f3pica, la ficci\u00f3n social, las disidencias sexuales y el anticolonialismo. Una tonelada \u2013 memoria ancestral viva es un proyecto que R\u00edo Paran\u00e1 realiz\u00f3 [&hellip;]<\/p>\n","protected":false},"author":2,"featured_media":0,"parent":0,"menu_order":0,"comment_status":"closed","ping_status":"closed","template":"","meta":{"_et_pb_use_builder":"","_et_pb_old_content":"","_et_gb_content_width":"","_exactmetrics_skip_tracking":false,"_exactmetrics_sitenote_active":false,"_exactmetrics_sitenote_note":"","_exactmetrics_sitenote_category":0,"footnotes":""},"yoast_head":"<!-- This site is optimized with the Yoast SEO plugin v23.5 - https:\/\/yoast.com\/wordpress\/plugins\/seo\/ -->\n<title>R\u00edo Paran\u00e1: Una tonelada - memoria ancestral viva - Centro Cultural Parque de Espa\u00f1a\/AECID<\/title>\n<meta name=\"robots\" content=\"index, follow, max-snippet:-1, max-image-preview:large, max-video-preview:-1\" \/>\n<link rel=\"canonical\" href=\"https:\/\/ccpe.org.ar\/web\/rio-parana-una-tonelada-memoria-ancestral-viva\/\" \/>\n<meta property=\"og:locale\" content=\"es_ES\" \/>\n<meta property=\"og:type\" content=\"article\" \/>\n<meta property=\"og:title\" content=\"R\u00edo Paran\u00e1: Una tonelada - memoria ancestral viva - Centro Cultural Parque de Espa\u00f1a\/AECID\" \/>\n<meta property=\"og:description\" content=\"R\u00edo Paran\u00e1 es una pareja de artistas visuales trans conformada por Duen Sacchi y Mag de Santo. Son performers, escritores, investigadores, curadores, ex-fil\u00f3sofas, docentes. Actualmente trabajan en proyectos que cruzan la imaginaci\u00f3n ut\u00f3pica, la ficci\u00f3n social, las disidencias sexuales y el anticolonialismo. Una tonelada \u2013 memoria ancestral viva es un proyecto que R\u00edo Paran\u00e1 realiz\u00f3 [&hellip;]\" \/>\n<meta property=\"og:url\" content=\"https:\/\/ccpe.org.ar\/web\/rio-parana-una-tonelada-memoria-ancestral-viva\/\" \/>\n<meta property=\"og:site_name\" content=\"Centro Cultural Parque de Espa\u00f1a\/AECID\" \/>\n<meta property=\"article:publisher\" content=\"https:\/\/www.facebook.com\/CCPErosario\/\" \/>\n<meta property=\"article:modified_time\" content=\"2021-03-03T13:08:04+00:00\" \/>\n<meta name=\"twitter:card\" content=\"summary_large_image\" \/>\n<meta name=\"twitter:site\" content=\"@ccpe\" \/>\n<meta name=\"twitter:label1\" content=\"Tiempo de lectura\" \/>\n\t<meta name=\"twitter:data1\" content=\"1 minuto\" \/>\n<script type=\"application\/ld+json\" class=\"yoast-schema-graph\">{\"@context\":\"https:\/\/schema.org\",\"@graph\":[{\"@type\":\"WebPage\",\"@id\":\"https:\/\/ccpe.org.ar\/web\/rio-parana-una-tonelada-memoria-ancestral-viva\/\",\"url\":\"https:\/\/ccpe.org.ar\/web\/rio-parana-una-tonelada-memoria-ancestral-viva\/\",\"name\":\"R\u00edo Paran\u00e1: Una tonelada - memoria ancestral viva - Centro Cultural Parque de Espa\u00f1a\/AECID\",\"isPartOf\":{\"@id\":\"https:\/\/ccpe.org.ar\/web\/#website\"},\"datePublished\":\"2021-03-03T13:07:27+00:00\",\"dateModified\":\"2021-03-03T13:08:04+00:00\",\"breadcrumb\":{\"@id\":\"https:\/\/ccpe.org.ar\/web\/rio-parana-una-tonelada-memoria-ancestral-viva\/#breadcrumb\"},\"inLanguage\":\"es\",\"potentialAction\":[{\"@type\":\"ReadAction\",\"target\":[\"https:\/\/ccpe.org.ar\/web\/rio-parana-una-tonelada-memoria-ancestral-viva\/\"]}]},{\"@type\":\"BreadcrumbList\",\"@id\":\"https:\/\/ccpe.org.ar\/web\/rio-parana-una-tonelada-memoria-ancestral-viva\/#breadcrumb\",\"itemListElement\":[{\"@type\":\"ListItem\",\"position\":1,\"name\":\"Portada\",\"item\":\"https:\/\/ccpe.org.ar\/web\/\"},{\"@type\":\"ListItem\",\"position\":2,\"name\":\"R\u00edo Paran\u00e1: Una tonelada &#8211; memoria ancestral viva\"}]},{\"@type\":\"WebSite\",\"@id\":\"https:\/\/ccpe.org.ar\/web\/#website\",\"url\":\"https:\/\/ccpe.org.ar\/web\/\",\"name\":\"Centro Cultural Parque de Espa\u00f1a\/AECID\",\"description\":\"Sitio web del Centro Cultural Parque de Espa\u00f1a\/AECID\",\"potentialAction\":[{\"@type\":\"SearchAction\",\"target\":{\"@type\":\"EntryPoint\",\"urlTemplate\":\"https:\/\/ccpe.org.ar\/web\/?s={search_term_string}\"},\"query-input\":{\"@type\":\"PropertyValueSpecification\",\"valueRequired\":true,\"valueName\":\"search_term_string\"}}],\"inLanguage\":\"es\"}]}<\/script>\n<!-- \/ Yoast SEO plugin. -->","yoast_head_json":{"title":"R\u00edo Paran\u00e1: Una tonelada - memoria ancestral viva - Centro Cultural Parque de Espa\u00f1a\/AECID","robots":{"index":"index","follow":"follow","max-snippet":"max-snippet:-1","max-image-preview":"max-image-preview:large","max-video-preview":"max-video-preview:-1"},"canonical":"https:\/\/ccpe.org.ar\/web\/rio-parana-una-tonelada-memoria-ancestral-viva\/","og_locale":"es_ES","og_type":"article","og_title":"R\u00edo Paran\u00e1: Una tonelada - memoria ancestral viva - Centro Cultural Parque de Espa\u00f1a\/AECID","og_description":"R\u00edo Paran\u00e1 es una pareja de artistas visuales trans conformada por Duen Sacchi y Mag de Santo. Son performers, escritores, investigadores, curadores, ex-fil\u00f3sofas, docentes. Actualmente trabajan en proyectos que cruzan la imaginaci\u00f3n ut\u00f3pica, la ficci\u00f3n social, las disidencias sexuales y el anticolonialismo. Una tonelada \u2013 memoria ancestral viva es un proyecto que R\u00edo Paran\u00e1 realiz\u00f3 [&hellip;]","og_url":"https:\/\/ccpe.org.ar\/web\/rio-parana-una-tonelada-memoria-ancestral-viva\/","og_site_name":"Centro Cultural Parque de Espa\u00f1a\/AECID","article_publisher":"https:\/\/www.facebook.com\/CCPErosario\/","article_modified_time":"2021-03-03T13:08:04+00:00","twitter_card":"summary_large_image","twitter_site":"@ccpe","twitter_misc":{"Tiempo de lectura":"1 minuto"},"schema":{"@context":"https:\/\/schema.org","@graph":[{"@type":"WebPage","@id":"https:\/\/ccpe.org.ar\/web\/rio-parana-una-tonelada-memoria-ancestral-viva\/","url":"https:\/\/ccpe.org.ar\/web\/rio-parana-una-tonelada-memoria-ancestral-viva\/","name":"R\u00edo Paran\u00e1: Una tonelada - memoria ancestral viva - Centro Cultural Parque de Espa\u00f1a\/AECID","isPartOf":{"@id":"https:\/\/ccpe.org.ar\/web\/#website"},"datePublished":"2021-03-03T13:07:27+00:00","dateModified":"2021-03-03T13:08:04+00:00","breadcrumb":{"@id":"https:\/\/ccpe.org.ar\/web\/rio-parana-una-tonelada-memoria-ancestral-viva\/#breadcrumb"},"inLanguage":"es","potentialAction":[{"@type":"ReadAction","target":["https:\/\/ccpe.org.ar\/web\/rio-parana-una-tonelada-memoria-ancestral-viva\/"]}]},{"@type":"BreadcrumbList","@id":"https:\/\/ccpe.org.ar\/web\/rio-parana-una-tonelada-memoria-ancestral-viva\/#breadcrumb","itemListElement":[{"@type":"ListItem","position":1,"name":"Portada","item":"https:\/\/ccpe.org.ar\/web\/"},{"@type":"ListItem","position":2,"name":"R\u00edo Paran\u00e1: Una tonelada &#8211; memoria ancestral viva"}]},{"@type":"WebSite","@id":"https:\/\/ccpe.org.ar\/web\/#website","url":"https:\/\/ccpe.org.ar\/web\/","name":"Centro Cultural Parque de Espa\u00f1a\/AECID","description":"Sitio web del Centro Cultural Parque de Espa\u00f1a\/AECID","potentialAction":[{"@type":"SearchAction","target":{"@type":"EntryPoint","urlTemplate":"https:\/\/ccpe.org.ar\/web\/?s={search_term_string}"},"query-input":{"@type":"PropertyValueSpecification","valueRequired":true,"valueName":"search_term_string"}}],"inLanguage":"es"}]}},"_links":{"self":[{"href":"https:\/\/ccpe.org.ar\/web\/wp-json\/wp\/v2\/pages\/2668"}],"collection":[{"href":"https:\/\/ccpe.org.ar\/web\/wp-json\/wp\/v2\/pages"}],"about":[{"href":"https:\/\/ccpe.org.ar\/web\/wp-json\/wp\/v2\/types\/page"}],"author":[{"embeddable":true,"href":"https:\/\/ccpe.org.ar\/web\/wp-json\/wp\/v2\/users\/2"}],"replies":[{"embeddable":true,"href":"https:\/\/ccpe.org.ar\/web\/wp-json\/wp\/v2\/comments?post=2668"}],"version-history":[{"count":0,"href":"https:\/\/ccpe.org.ar\/web\/wp-json\/wp\/v2\/pages\/2668\/revisions"}],"wp:attachment":[{"href":"https:\/\/ccpe.org.ar\/web\/wp-json\/wp\/v2\/media?parent=2668"}],"curies":[{"name":"wp","href":"https:\/\/api.w.org\/{rel}","templated":true}]}}