{"id":2672,"date":"2021-03-03T10:11:26","date_gmt":"2021-03-03T13:11:26","guid":{"rendered":"https:\/\/ccpe.org.ar\/web\/?page_id=2672"},"modified":"2021-03-03T10:11:26","modified_gmt":"2021-03-03T13:11:26","slug":"claudia-del-rio","status":"publish","type":"page","link":"https:\/\/ccpe.org.ar\/web\/claudia-del-rio\/","title":{"rendered":"Claudia del R\u00edo"},"content":{"rendered":"<p>Artista visual, poeta y educadora, <strong>Claudia del R\u00edo <\/strong>es una de las principales referentes de la escena art\u00edstica argentina desde la postdictadura hasta la actualidad.<\/p>\n<p>Su trabajo se despliega a trav\u00e9s de diversos medios y t\u00e9cnicas, y su \u00edmpetu est\u00e1 atravesado radicalmente por crear redes de sociabilidad donde poder articular distintos modos de la visualidad, de la oralidad y de la escritura con la sensibilidad colectiva. Como artista que funda la idea del arte como una artesan\u00eda desesperada, procede entre los bordes de las cosas. Trabaja con los sedimentos de la propia obra y tambi\u00e9n de ciertas historiograf\u00edas art\u00edsticas y literarias haciendo eco de las tensiones entre lo local y lo global en procesos simult\u00e1neos que abren preguntas por los modos en que se constituyen y se transforman las identidades nacionales y de g\u00e9nero.<\/p>\n<p>Esta selecci\u00f3n de dibujos y collages pone en di\u00e1logo la propia genealog\u00eda de producci\u00f3n con las derivas gr\u00e1ficas m\u00e1s actuales, desplegadas en torno al personaje <strong>Mi\u00f1a <\/strong>y a otras figuras: ni\u00f1es, mujeres e identidades trans. Mientras que en las im\u00e1genes de los collages realizados entre 2002 y 2006 se repite la frase \u201cMisterioso deceso de una bella mujer\u201d, tomada de un recorte period\u00edstico policial procedente de una de sus 290 telas bordadas de 2000, los dibujos de estos \u00faltimos cinco a\u00f1os se encuentran llenos de inscripciones vivas del feminismo. Declaraciones emancipatorias y representativas de su militancia en el arte al fragor de convicciones sociopol\u00edticas como: \u201cFeminismo o Barbarie\u201d.<\/p>\n<p><strong>Redes sociales:<\/strong><\/p>\n<p><a href=\"https:\/\/www.instagram.com\/delrioqueen\/\"><span style=\"font-weight: 400;\">https:\/\/www.instagram.com\/delrioqueen\/<\/span><\/a><\/p>\n<p><a href=\"https:\/\/www.facebook.com\/RIOQUEEN\"><span style=\"font-weight: 400;\">https:\/\/www.facebook.com\/RIOQUEEN<\/span><\/a><\/p>\n<p>&nbsp;<\/p>\n","protected":false},"excerpt":{"rendered":"<p>Artista visual, poeta y educadora, Claudia del R\u00edo es una de las principales referentes de la escena art\u00edstica argentina desde la postdictadura hasta la actualidad. Su trabajo se despliega a trav\u00e9s de diversos medios y t\u00e9cnicas, y su \u00edmpetu est\u00e1 atravesado radicalmente por crear redes de sociabilidad donde poder articular distintos modos de la visualidad, [&hellip;]<\/p>\n","protected":false},"author":2,"featured_media":0,"parent":0,"menu_order":0,"comment_status":"closed","ping_status":"closed","template":"","meta":{"_et_pb_use_builder":"","_et_pb_old_content":"","_et_gb_content_width":"","_exactmetrics_skip_tracking":false,"_exactmetrics_sitenote_active":false,"_exactmetrics_sitenote_note":"","_exactmetrics_sitenote_category":0,"footnotes":""},"yoast_head":"<!-- This site is optimized with the Yoast SEO plugin v23.5 - https:\/\/yoast.com\/wordpress\/plugins\/seo\/ -->\n<title>Claudia del R\u00edo - Centro Cultural Parque de Espa\u00f1a\/AECID<\/title>\n<meta name=\"robots\" content=\"index, follow, max-snippet:-1, max-image-preview:large, max-video-preview:-1\" \/>\n<link rel=\"canonical\" href=\"https:\/\/ccpe.org.ar\/web\/claudia-del-rio\/\" \/>\n<meta property=\"og:locale\" content=\"es_ES\" \/>\n<meta property=\"og:type\" content=\"article\" \/>\n<meta property=\"og:title\" content=\"Claudia del R\u00edo - Centro Cultural Parque de Espa\u00f1a\/AECID\" \/>\n<meta property=\"og:description\" content=\"Artista visual, poeta y educadora, Claudia del R\u00edo es una de las principales referentes de la escena art\u00edstica argentina desde la postdictadura hasta la actualidad. Su trabajo se despliega a trav\u00e9s de diversos medios y t\u00e9cnicas, y su \u00edmpetu est\u00e1 atravesado radicalmente por crear redes de sociabilidad donde poder articular distintos modos de la visualidad, [&hellip;]\" \/>\n<meta property=\"og:url\" content=\"https:\/\/ccpe.org.ar\/web\/claudia-del-rio\/\" \/>\n<meta property=\"og:site_name\" content=\"Centro Cultural Parque de Espa\u00f1a\/AECID\" \/>\n<meta property=\"article:publisher\" content=\"https:\/\/www.facebook.com\/CCPErosario\/\" \/>\n<meta name=\"twitter:card\" content=\"summary_large_image\" \/>\n<meta name=\"twitter:site\" content=\"@ccpe\" \/>\n<meta name=\"twitter:label1\" content=\"Tiempo de lectura\" \/>\n\t<meta name=\"twitter:data1\" content=\"2 minutos\" \/>\n<script type=\"application\/ld+json\" class=\"yoast-schema-graph\">{\"@context\":\"https:\/\/schema.org\",\"@graph\":[{\"@type\":\"WebPage\",\"@id\":\"https:\/\/ccpe.org.ar\/web\/claudia-del-rio\/\",\"url\":\"https:\/\/ccpe.org.ar\/web\/claudia-del-rio\/\",\"name\":\"Claudia del R\u00edo - Centro Cultural Parque de Espa\u00f1a\/AECID\",\"isPartOf\":{\"@id\":\"https:\/\/ccpe.org.ar\/web\/#website\"},\"datePublished\":\"2021-03-03T13:11:26+00:00\",\"dateModified\":\"2021-03-03T13:11:26+00:00\",\"breadcrumb\":{\"@id\":\"https:\/\/ccpe.org.ar\/web\/claudia-del-rio\/#breadcrumb\"},\"inLanguage\":\"es\",\"potentialAction\":[{\"@type\":\"ReadAction\",\"target\":[\"https:\/\/ccpe.org.ar\/web\/claudia-del-rio\/\"]}]},{\"@type\":\"BreadcrumbList\",\"@id\":\"https:\/\/ccpe.org.ar\/web\/claudia-del-rio\/#breadcrumb\",\"itemListElement\":[{\"@type\":\"ListItem\",\"position\":1,\"name\":\"Portada\",\"item\":\"https:\/\/ccpe.org.ar\/web\/\"},{\"@type\":\"ListItem\",\"position\":2,\"name\":\"Claudia del R\u00edo\"}]},{\"@type\":\"WebSite\",\"@id\":\"https:\/\/ccpe.org.ar\/web\/#website\",\"url\":\"https:\/\/ccpe.org.ar\/web\/\",\"name\":\"Centro Cultural Parque de Espa\u00f1a\/AECID\",\"description\":\"Sitio web del Centro Cultural Parque de Espa\u00f1a\/AECID\",\"potentialAction\":[{\"@type\":\"SearchAction\",\"target\":{\"@type\":\"EntryPoint\",\"urlTemplate\":\"https:\/\/ccpe.org.ar\/web\/?s={search_term_string}\"},\"query-input\":{\"@type\":\"PropertyValueSpecification\",\"valueRequired\":true,\"valueName\":\"search_term_string\"}}],\"inLanguage\":\"es\"}]}<\/script>\n<!-- \/ Yoast SEO plugin. -->","yoast_head_json":{"title":"Claudia del R\u00edo - Centro Cultural Parque de Espa\u00f1a\/AECID","robots":{"index":"index","follow":"follow","max-snippet":"max-snippet:-1","max-image-preview":"max-image-preview:large","max-video-preview":"max-video-preview:-1"},"canonical":"https:\/\/ccpe.org.ar\/web\/claudia-del-rio\/","og_locale":"es_ES","og_type":"article","og_title":"Claudia del R\u00edo - Centro Cultural Parque de Espa\u00f1a\/AECID","og_description":"Artista visual, poeta y educadora, Claudia del R\u00edo es una de las principales referentes de la escena art\u00edstica argentina desde la postdictadura hasta la actualidad. Su trabajo se despliega a trav\u00e9s de diversos medios y t\u00e9cnicas, y su \u00edmpetu est\u00e1 atravesado radicalmente por crear redes de sociabilidad donde poder articular distintos modos de la visualidad, [&hellip;]","og_url":"https:\/\/ccpe.org.ar\/web\/claudia-del-rio\/","og_site_name":"Centro Cultural Parque de Espa\u00f1a\/AECID","article_publisher":"https:\/\/www.facebook.com\/CCPErosario\/","twitter_card":"summary_large_image","twitter_site":"@ccpe","twitter_misc":{"Tiempo de lectura":"2 minutos"},"schema":{"@context":"https:\/\/schema.org","@graph":[{"@type":"WebPage","@id":"https:\/\/ccpe.org.ar\/web\/claudia-del-rio\/","url":"https:\/\/ccpe.org.ar\/web\/claudia-del-rio\/","name":"Claudia del R\u00edo - Centro Cultural Parque de Espa\u00f1a\/AECID","isPartOf":{"@id":"https:\/\/ccpe.org.ar\/web\/#website"},"datePublished":"2021-03-03T13:11:26+00:00","dateModified":"2021-03-03T13:11:26+00:00","breadcrumb":{"@id":"https:\/\/ccpe.org.ar\/web\/claudia-del-rio\/#breadcrumb"},"inLanguage":"es","potentialAction":[{"@type":"ReadAction","target":["https:\/\/ccpe.org.ar\/web\/claudia-del-rio\/"]}]},{"@type":"BreadcrumbList","@id":"https:\/\/ccpe.org.ar\/web\/claudia-del-rio\/#breadcrumb","itemListElement":[{"@type":"ListItem","position":1,"name":"Portada","item":"https:\/\/ccpe.org.ar\/web\/"},{"@type":"ListItem","position":2,"name":"Claudia del R\u00edo"}]},{"@type":"WebSite","@id":"https:\/\/ccpe.org.ar\/web\/#website","url":"https:\/\/ccpe.org.ar\/web\/","name":"Centro Cultural Parque de Espa\u00f1a\/AECID","description":"Sitio web del Centro Cultural Parque de Espa\u00f1a\/AECID","potentialAction":[{"@type":"SearchAction","target":{"@type":"EntryPoint","urlTemplate":"https:\/\/ccpe.org.ar\/web\/?s={search_term_string}"},"query-input":{"@type":"PropertyValueSpecification","valueRequired":true,"valueName":"search_term_string"}}],"inLanguage":"es"}]}},"_links":{"self":[{"href":"https:\/\/ccpe.org.ar\/web\/wp-json\/wp\/v2\/pages\/2672"}],"collection":[{"href":"https:\/\/ccpe.org.ar\/web\/wp-json\/wp\/v2\/pages"}],"about":[{"href":"https:\/\/ccpe.org.ar\/web\/wp-json\/wp\/v2\/types\/page"}],"author":[{"embeddable":true,"href":"https:\/\/ccpe.org.ar\/web\/wp-json\/wp\/v2\/users\/2"}],"replies":[{"embeddable":true,"href":"https:\/\/ccpe.org.ar\/web\/wp-json\/wp\/v2\/comments?post=2672"}],"version-history":[{"count":0,"href":"https:\/\/ccpe.org.ar\/web\/wp-json\/wp\/v2\/pages\/2672\/revisions"}],"wp:attachment":[{"href":"https:\/\/ccpe.org.ar\/web\/wp-json\/wp\/v2\/media?parent=2672"}],"curies":[{"name":"wp","href":"https:\/\/api.w.org\/{rel}","templated":true}]}}