{"id":2674,"date":"2021-03-03T10:15:38","date_gmt":"2021-03-03T13:15:38","guid":{"rendered":"https:\/\/ccpe.org.ar\/web\/?page_id=2674"},"modified":"2021-03-03T10:15:38","modified_gmt":"2021-03-03T13:15:38","slug":"mantera-ossobuco-pao-lunch","status":"publish","type":"page","link":"https:\/\/ccpe.org.ar\/web\/mantera-ossobuco-pao-lunch\/","title":{"rendered":"Mantera + Ossobuco + Pao Lunch"},"content":{"rendered":"<p><strong>Mantera <\/strong>es una galer\u00eda de arte gestionada por <strong>Mar\u00eda Rocha<\/strong>, que desde noviembre de 2016 existe como una suerte de artificio con respecto a la imagen de un centro comercial de arte contempor\u00e1neo. Asumida como una de las pr\u00e1cticas de su mentora sumidas en el activismo, se presenta como simbi\u00f3tica con respecto a sus artistas y a las producciones que cuida, difunde y comercializa. Junto con <strong>Ossobuco<\/strong>, conformado por <strong>N\u00e9stor Basualdo<\/strong>, <strong>Monika Miranda <\/strong>y <strong>V\u00edctor Moresi<\/strong>, ambos, galer\u00eda y colectivo, encarnan la lucha cotidiana dada por el trabajo precarizado en los m\u00e1rgenes de la ilegalidad operando en el stand de una feria situada en el predio del Ferrocarril Mitre, en la ciudad de La Banda, Santiago del Estero. Para <strong>Mantera <\/strong>y <strong>Ossobuco <\/strong>este mercadillo ha devenido en \u201cun espacio feminista en su pr\u00e1ctica apoderante, que se motiva y alimenta por los cuerpos, la confianza, las libertades y la empat\u00eda entre mujeres\u201d.<\/p>\n<p>En esta instancia, <strong>Mantera <\/strong>y <strong>Ossobuco <\/strong>invitan a <strong>Pao Lunch<\/strong>. Una artista que con sus proyectos ensaya desobediencias est\u00e9tico-pol\u00edticas desde la disidencia sexual. Con sus im\u00e1genes y con su po\u00e9tica invocadora del poder popular, esta coalici\u00f3n busca espacios para pronunciarse en los intersticios de un arte contrahegem\u00f3nico. En este sentido, aqu\u00ed cabe la pregunta: \u00bfqu\u00e9 debe hacer el arte ante el avance neofacista y neoliberal? Y, asimismo, \u00bfhay acaso la posibilidad de un arte popular contempor\u00e1neo?<\/p>\n<p>Es la imaginer\u00eda de la feria boliviana la que se cristaliza en estas producciones, sujetas al autodidactismo y al lenguaje de la manifestaci\u00f3n, de la declaraci\u00f3n de deseos y de convicciones emancipatorias.<\/p>\n<p>&nbsp;<\/p>\n<p><strong>Redes sociales:<\/strong><\/p>\n<p><a href=\"https:\/\/www.facebook.com\/PAo-LunCh-1729827813895390\"><span style=\"font-weight: 400;\">https:\/\/www.facebook.com\/PAo-LunCh-1729827813895390<\/span><\/a><\/p>\n<p><a href=\"http:\/\/paolunch.com\/?fbclid=IwAR0j0b0wWbeXYtdFLmi3PcI6Y1QPs6xA9bVeHUni4YlnPBINFBKoSxpIlqc\"><span style=\"font-weight: 400;\">http:\/\/paolunch.com\/<\/span><\/a><\/p>\n<p><a href=\"https:\/\/twitter.com\/pAoLuNCh?fbclid=IwAR1w6jNzacfCImClB2rKjXJCXTYDMTINJ8u-i_3x5IWOPBtPKLeBFsVTUCI\"><span style=\"font-weight: 400;\">https:\/\/twitter.com\/pAoLuNCh<\/span><\/a><span style=\"font-weight: 400;\">\u00a0<\/span><\/p>\n<p><span style=\"font-weight: 400;\"> https:\/\/www.instagram.com\/paolunch\/<\/span><\/p>\n","protected":false},"excerpt":{"rendered":"<p>Mantera es una galer\u00eda de arte gestionada por Mar\u00eda Rocha, que desde noviembre de 2016 existe como una suerte de artificio con respecto a la imagen de un centro comercial de arte contempor\u00e1neo. Asumida como una de las pr\u00e1cticas de su mentora sumidas en el activismo, se presenta como simbi\u00f3tica con respecto a sus artistas [&hellip;]<\/p>\n","protected":false},"author":2,"featured_media":0,"parent":0,"menu_order":0,"comment_status":"closed","ping_status":"closed","template":"","meta":{"_et_pb_use_builder":"","_et_pb_old_content":"","_et_gb_content_width":"","_exactmetrics_skip_tracking":false,"_exactmetrics_sitenote_active":false,"_exactmetrics_sitenote_note":"","_exactmetrics_sitenote_category":0,"footnotes":""},"yoast_head":"<!-- This site is optimized with the Yoast SEO plugin v23.5 - https:\/\/yoast.com\/wordpress\/plugins\/seo\/ -->\n<title>Mantera + Ossobuco + Pao Lunch - Centro Cultural Parque de Espa\u00f1a\/AECID<\/title>\n<meta name=\"robots\" content=\"index, follow, max-snippet:-1, max-image-preview:large, max-video-preview:-1\" \/>\n<link rel=\"canonical\" href=\"https:\/\/ccpe.org.ar\/web\/mantera-ossobuco-pao-lunch\/\" \/>\n<meta property=\"og:locale\" content=\"es_ES\" \/>\n<meta property=\"og:type\" content=\"article\" \/>\n<meta property=\"og:title\" content=\"Mantera + Ossobuco + Pao Lunch - Centro Cultural Parque de Espa\u00f1a\/AECID\" \/>\n<meta property=\"og:description\" content=\"Mantera es una galer\u00eda de arte gestionada por Mar\u00eda Rocha, que desde noviembre de 2016 existe como una suerte de artificio con respecto a la imagen de un centro comercial de arte contempor\u00e1neo. Asumida como una de las pr\u00e1cticas de su mentora sumidas en el activismo, se presenta como simbi\u00f3tica con respecto a sus artistas [&hellip;]\" \/>\n<meta property=\"og:url\" content=\"https:\/\/ccpe.org.ar\/web\/mantera-ossobuco-pao-lunch\/\" \/>\n<meta property=\"og:site_name\" content=\"Centro Cultural Parque de Espa\u00f1a\/AECID\" \/>\n<meta property=\"article:publisher\" content=\"https:\/\/www.facebook.com\/CCPErosario\/\" \/>\n<meta name=\"twitter:card\" content=\"summary_large_image\" \/>\n<meta name=\"twitter:site\" content=\"@ccpe\" \/>\n<meta name=\"twitter:label1\" content=\"Tiempo de lectura\" \/>\n\t<meta name=\"twitter:data1\" content=\"2 minutos\" \/>\n<script type=\"application\/ld+json\" class=\"yoast-schema-graph\">{\"@context\":\"https:\/\/schema.org\",\"@graph\":[{\"@type\":\"WebPage\",\"@id\":\"https:\/\/ccpe.org.ar\/web\/mantera-ossobuco-pao-lunch\/\",\"url\":\"https:\/\/ccpe.org.ar\/web\/mantera-ossobuco-pao-lunch\/\",\"name\":\"Mantera + Ossobuco + Pao Lunch - Centro Cultural Parque de Espa\u00f1a\/AECID\",\"isPartOf\":{\"@id\":\"https:\/\/ccpe.org.ar\/web\/#website\"},\"datePublished\":\"2021-03-03T13:15:38+00:00\",\"dateModified\":\"2021-03-03T13:15:38+00:00\",\"breadcrumb\":{\"@id\":\"https:\/\/ccpe.org.ar\/web\/mantera-ossobuco-pao-lunch\/#breadcrumb\"},\"inLanguage\":\"es\",\"potentialAction\":[{\"@type\":\"ReadAction\",\"target\":[\"https:\/\/ccpe.org.ar\/web\/mantera-ossobuco-pao-lunch\/\"]}]},{\"@type\":\"BreadcrumbList\",\"@id\":\"https:\/\/ccpe.org.ar\/web\/mantera-ossobuco-pao-lunch\/#breadcrumb\",\"itemListElement\":[{\"@type\":\"ListItem\",\"position\":1,\"name\":\"Portada\",\"item\":\"https:\/\/ccpe.org.ar\/web\/\"},{\"@type\":\"ListItem\",\"position\":2,\"name\":\"Mantera + Ossobuco + Pao Lunch\"}]},{\"@type\":\"WebSite\",\"@id\":\"https:\/\/ccpe.org.ar\/web\/#website\",\"url\":\"https:\/\/ccpe.org.ar\/web\/\",\"name\":\"Centro Cultural Parque de Espa\u00f1a\/AECID\",\"description\":\"Sitio web del Centro Cultural Parque de Espa\u00f1a\/AECID\",\"potentialAction\":[{\"@type\":\"SearchAction\",\"target\":{\"@type\":\"EntryPoint\",\"urlTemplate\":\"https:\/\/ccpe.org.ar\/web\/?s={search_term_string}\"},\"query-input\":{\"@type\":\"PropertyValueSpecification\",\"valueRequired\":true,\"valueName\":\"search_term_string\"}}],\"inLanguage\":\"es\"}]}<\/script>\n<!-- \/ Yoast SEO plugin. -->","yoast_head_json":{"title":"Mantera + Ossobuco + Pao Lunch - Centro Cultural Parque de Espa\u00f1a\/AECID","robots":{"index":"index","follow":"follow","max-snippet":"max-snippet:-1","max-image-preview":"max-image-preview:large","max-video-preview":"max-video-preview:-1"},"canonical":"https:\/\/ccpe.org.ar\/web\/mantera-ossobuco-pao-lunch\/","og_locale":"es_ES","og_type":"article","og_title":"Mantera + Ossobuco + Pao Lunch - Centro Cultural Parque de Espa\u00f1a\/AECID","og_description":"Mantera es una galer\u00eda de arte gestionada por Mar\u00eda Rocha, que desde noviembre de 2016 existe como una suerte de artificio con respecto a la imagen de un centro comercial de arte contempor\u00e1neo. Asumida como una de las pr\u00e1cticas de su mentora sumidas en el activismo, se presenta como simbi\u00f3tica con respecto a sus artistas [&hellip;]","og_url":"https:\/\/ccpe.org.ar\/web\/mantera-ossobuco-pao-lunch\/","og_site_name":"Centro Cultural Parque de Espa\u00f1a\/AECID","article_publisher":"https:\/\/www.facebook.com\/CCPErosario\/","twitter_card":"summary_large_image","twitter_site":"@ccpe","twitter_misc":{"Tiempo de lectura":"2 minutos"},"schema":{"@context":"https:\/\/schema.org","@graph":[{"@type":"WebPage","@id":"https:\/\/ccpe.org.ar\/web\/mantera-ossobuco-pao-lunch\/","url":"https:\/\/ccpe.org.ar\/web\/mantera-ossobuco-pao-lunch\/","name":"Mantera + Ossobuco + Pao Lunch - Centro Cultural Parque de Espa\u00f1a\/AECID","isPartOf":{"@id":"https:\/\/ccpe.org.ar\/web\/#website"},"datePublished":"2021-03-03T13:15:38+00:00","dateModified":"2021-03-03T13:15:38+00:00","breadcrumb":{"@id":"https:\/\/ccpe.org.ar\/web\/mantera-ossobuco-pao-lunch\/#breadcrumb"},"inLanguage":"es","potentialAction":[{"@type":"ReadAction","target":["https:\/\/ccpe.org.ar\/web\/mantera-ossobuco-pao-lunch\/"]}]},{"@type":"BreadcrumbList","@id":"https:\/\/ccpe.org.ar\/web\/mantera-ossobuco-pao-lunch\/#breadcrumb","itemListElement":[{"@type":"ListItem","position":1,"name":"Portada","item":"https:\/\/ccpe.org.ar\/web\/"},{"@type":"ListItem","position":2,"name":"Mantera + Ossobuco + Pao Lunch"}]},{"@type":"WebSite","@id":"https:\/\/ccpe.org.ar\/web\/#website","url":"https:\/\/ccpe.org.ar\/web\/","name":"Centro Cultural Parque de Espa\u00f1a\/AECID","description":"Sitio web del Centro Cultural Parque de Espa\u00f1a\/AECID","potentialAction":[{"@type":"SearchAction","target":{"@type":"EntryPoint","urlTemplate":"https:\/\/ccpe.org.ar\/web\/?s={search_term_string}"},"query-input":{"@type":"PropertyValueSpecification","valueRequired":true,"valueName":"search_term_string"}}],"inLanguage":"es"}]}},"_links":{"self":[{"href":"https:\/\/ccpe.org.ar\/web\/wp-json\/wp\/v2\/pages\/2674"}],"collection":[{"href":"https:\/\/ccpe.org.ar\/web\/wp-json\/wp\/v2\/pages"}],"about":[{"href":"https:\/\/ccpe.org.ar\/web\/wp-json\/wp\/v2\/types\/page"}],"author":[{"embeddable":true,"href":"https:\/\/ccpe.org.ar\/web\/wp-json\/wp\/v2\/users\/2"}],"replies":[{"embeddable":true,"href":"https:\/\/ccpe.org.ar\/web\/wp-json\/wp\/v2\/comments?post=2674"}],"version-history":[{"count":0,"href":"https:\/\/ccpe.org.ar\/web\/wp-json\/wp\/v2\/pages\/2674\/revisions"}],"wp:attachment":[{"href":"https:\/\/ccpe.org.ar\/web\/wp-json\/wp\/v2\/media?parent=2674"}],"curies":[{"name":"wp","href":"https:\/\/api.w.org\/{rel}","templated":true}]}}