{"id":2685,"date":"2021-03-03T10:22:11","date_gmt":"2021-03-03T13:22:11","guid":{"rendered":"https:\/\/ccpe.org.ar\/web\/?page_id=2685"},"modified":"2021-03-03T10:22:11","modified_gmt":"2021-03-03T13:22:11","slug":"la-que-soy","status":"publish","type":"page","link":"https:\/\/ccpe.org.ar\/web\/la-que-soy\/","title":{"rendered":"La que soy"},"content":{"rendered":"<p>En 2018 se llev\u00f3 a cabo un taller de construcci\u00f3n interdisciplinaria de autorretratos destinado a mujeres lesbianas, bisexuales, cis, trans y travestis. Fue coordinado por <strong>Marina Gryciuk<\/strong>, <strong>Gimena Galli<\/strong>, <strong>Florencia S\u00e1nchez <\/strong>y <strong>Virginia Russo<\/strong>, y organizado por <strong>Cabeza de Flor<\/strong>, proyecto por la igualdad de g\u00e9nero del Centro Cultural Parque de Espa\u00f1a y el taller <strong>El enredo <\/strong>de la ONG <strong>Mujeres tras las rejas<\/strong>.<\/p>\n<p>De la mano de la historiadora <strong>Cecilia Pascual <\/strong>el grupo deconstruy\u00f3 estereotipos alrededor del concepto de g\u00e9nero. La artista <strong>Paulina Escobar <\/strong>acompa\u00f1\u00f3 a las asistentes a recuperar los v\u00ednculos entre memoria y cuerpo. La escritora <strong>Andrea Ocampo <\/strong>gui\u00f3 el registro escrito del proceso para darle forma, a trav\u00e9s de la poes\u00eda, al reflejo de la imagen colectiva.<\/p>\n<p>El producto de este trabajo de vincularidad y de pensamiento y acci\u00f3n colectiva sensible se plasm\u00f3 en un conjunto de autorretratos exhibidos por primera vez el 8 de marzo de 2018.<\/p>\n<p>En el texto que acompa\u00f1\u00f3 la muestra, <strong>Florencia S\u00e1nchez <\/strong>y <strong>Cecilia Pascual <\/strong>se\u00f1alaban: \u201cLas mujeres han sido confinadas por el Arte al umbral de la ausencia y la cosificaci\u00f3n. Quienes somos se va definiendo en los avatares de nuestras vidas con la concurrencia de v\u00ednculos, sentires y conexiones con otrxs. La autorrepresentaci\u00f3n de nuestros estares en el mundo se asemeja a un <em>patchwork <\/em>donde distintos materiales, texturas, tama\u00f1os y colores se disponen para formar un conjunto siempre disponible para la reflexi\u00f3n\u201d.<\/p>\n","protected":false},"excerpt":{"rendered":"<p>En 2018 se llev\u00f3 a cabo un taller de construcci\u00f3n interdisciplinaria de autorretratos destinado a mujeres lesbianas, bisexuales, cis, trans y travestis. Fue coordinado por Marina Gryciuk, Gimena Galli, Florencia S\u00e1nchez y Virginia Russo, y organizado por Cabeza de Flor, proyecto por la igualdad de g\u00e9nero del Centro Cultural Parque de Espa\u00f1a y el taller [&hellip;]<\/p>\n","protected":false},"author":2,"featured_media":0,"parent":0,"menu_order":0,"comment_status":"closed","ping_status":"closed","template":"","meta":{"_et_pb_use_builder":"","_et_pb_old_content":"","_et_gb_content_width":"","_exactmetrics_skip_tracking":false,"_exactmetrics_sitenote_active":false,"_exactmetrics_sitenote_note":"","_exactmetrics_sitenote_category":0,"footnotes":""},"yoast_head":"<!-- This site is optimized with the Yoast SEO plugin v23.5 - https:\/\/yoast.com\/wordpress\/plugins\/seo\/ -->\n<title>La que soy - Centro Cultural Parque de Espa\u00f1a\/AECID<\/title>\n<meta name=\"robots\" content=\"index, follow, max-snippet:-1, max-image-preview:large, max-video-preview:-1\" \/>\n<link rel=\"canonical\" href=\"https:\/\/ccpe.org.ar\/web\/la-que-soy\/\" \/>\n<meta property=\"og:locale\" content=\"es_ES\" \/>\n<meta property=\"og:type\" content=\"article\" \/>\n<meta property=\"og:title\" content=\"La que soy - Centro Cultural Parque de Espa\u00f1a\/AECID\" \/>\n<meta property=\"og:description\" content=\"En 2018 se llev\u00f3 a cabo un taller de construcci\u00f3n interdisciplinaria de autorretratos destinado a mujeres lesbianas, bisexuales, cis, trans y travestis. Fue coordinado por Marina Gryciuk, Gimena Galli, Florencia S\u00e1nchez y Virginia Russo, y organizado por Cabeza de Flor, proyecto por la igualdad de g\u00e9nero del Centro Cultural Parque de Espa\u00f1a y el taller [&hellip;]\" \/>\n<meta property=\"og:url\" content=\"https:\/\/ccpe.org.ar\/web\/la-que-soy\/\" \/>\n<meta property=\"og:site_name\" content=\"Centro Cultural Parque de Espa\u00f1a\/AECID\" \/>\n<meta property=\"article:publisher\" content=\"https:\/\/www.facebook.com\/CCPErosario\/\" \/>\n<meta name=\"twitter:card\" content=\"summary_large_image\" \/>\n<meta name=\"twitter:site\" content=\"@ccpe\" \/>\n<meta name=\"twitter:label1\" content=\"Tiempo de lectura\" \/>\n\t<meta name=\"twitter:data1\" content=\"2 minutos\" \/>\n<script type=\"application\/ld+json\" class=\"yoast-schema-graph\">{\"@context\":\"https:\/\/schema.org\",\"@graph\":[{\"@type\":\"WebPage\",\"@id\":\"https:\/\/ccpe.org.ar\/web\/la-que-soy\/\",\"url\":\"https:\/\/ccpe.org.ar\/web\/la-que-soy\/\",\"name\":\"La que soy - Centro Cultural Parque de Espa\u00f1a\/AECID\",\"isPartOf\":{\"@id\":\"https:\/\/ccpe.org.ar\/web\/#website\"},\"datePublished\":\"2021-03-03T13:22:11+00:00\",\"dateModified\":\"2021-03-03T13:22:11+00:00\",\"breadcrumb\":{\"@id\":\"https:\/\/ccpe.org.ar\/web\/la-que-soy\/#breadcrumb\"},\"inLanguage\":\"es\",\"potentialAction\":[{\"@type\":\"ReadAction\",\"target\":[\"https:\/\/ccpe.org.ar\/web\/la-que-soy\/\"]}]},{\"@type\":\"BreadcrumbList\",\"@id\":\"https:\/\/ccpe.org.ar\/web\/la-que-soy\/#breadcrumb\",\"itemListElement\":[{\"@type\":\"ListItem\",\"position\":1,\"name\":\"Portada\",\"item\":\"https:\/\/ccpe.org.ar\/web\/\"},{\"@type\":\"ListItem\",\"position\":2,\"name\":\"La que soy\"}]},{\"@type\":\"WebSite\",\"@id\":\"https:\/\/ccpe.org.ar\/web\/#website\",\"url\":\"https:\/\/ccpe.org.ar\/web\/\",\"name\":\"Centro Cultural Parque de Espa\u00f1a\/AECID\",\"description\":\"Sitio web del Centro Cultural Parque de Espa\u00f1a\/AECID\",\"potentialAction\":[{\"@type\":\"SearchAction\",\"target\":{\"@type\":\"EntryPoint\",\"urlTemplate\":\"https:\/\/ccpe.org.ar\/web\/?s={search_term_string}\"},\"query-input\":{\"@type\":\"PropertyValueSpecification\",\"valueRequired\":true,\"valueName\":\"search_term_string\"}}],\"inLanguage\":\"es\"}]}<\/script>\n<!-- \/ Yoast SEO plugin. -->","yoast_head_json":{"title":"La que soy - Centro Cultural Parque de Espa\u00f1a\/AECID","robots":{"index":"index","follow":"follow","max-snippet":"max-snippet:-1","max-image-preview":"max-image-preview:large","max-video-preview":"max-video-preview:-1"},"canonical":"https:\/\/ccpe.org.ar\/web\/la-que-soy\/","og_locale":"es_ES","og_type":"article","og_title":"La que soy - Centro Cultural Parque de Espa\u00f1a\/AECID","og_description":"En 2018 se llev\u00f3 a cabo un taller de construcci\u00f3n interdisciplinaria de autorretratos destinado a mujeres lesbianas, bisexuales, cis, trans y travestis. Fue coordinado por Marina Gryciuk, Gimena Galli, Florencia S\u00e1nchez y Virginia Russo, y organizado por Cabeza de Flor, proyecto por la igualdad de g\u00e9nero del Centro Cultural Parque de Espa\u00f1a y el taller [&hellip;]","og_url":"https:\/\/ccpe.org.ar\/web\/la-que-soy\/","og_site_name":"Centro Cultural Parque de Espa\u00f1a\/AECID","article_publisher":"https:\/\/www.facebook.com\/CCPErosario\/","twitter_card":"summary_large_image","twitter_site":"@ccpe","twitter_misc":{"Tiempo de lectura":"2 minutos"},"schema":{"@context":"https:\/\/schema.org","@graph":[{"@type":"WebPage","@id":"https:\/\/ccpe.org.ar\/web\/la-que-soy\/","url":"https:\/\/ccpe.org.ar\/web\/la-que-soy\/","name":"La que soy - Centro Cultural Parque de Espa\u00f1a\/AECID","isPartOf":{"@id":"https:\/\/ccpe.org.ar\/web\/#website"},"datePublished":"2021-03-03T13:22:11+00:00","dateModified":"2021-03-03T13:22:11+00:00","breadcrumb":{"@id":"https:\/\/ccpe.org.ar\/web\/la-que-soy\/#breadcrumb"},"inLanguage":"es","potentialAction":[{"@type":"ReadAction","target":["https:\/\/ccpe.org.ar\/web\/la-que-soy\/"]}]},{"@type":"BreadcrumbList","@id":"https:\/\/ccpe.org.ar\/web\/la-que-soy\/#breadcrumb","itemListElement":[{"@type":"ListItem","position":1,"name":"Portada","item":"https:\/\/ccpe.org.ar\/web\/"},{"@type":"ListItem","position":2,"name":"La que soy"}]},{"@type":"WebSite","@id":"https:\/\/ccpe.org.ar\/web\/#website","url":"https:\/\/ccpe.org.ar\/web\/","name":"Centro Cultural Parque de Espa\u00f1a\/AECID","description":"Sitio web del Centro Cultural Parque de Espa\u00f1a\/AECID","potentialAction":[{"@type":"SearchAction","target":{"@type":"EntryPoint","urlTemplate":"https:\/\/ccpe.org.ar\/web\/?s={search_term_string}"},"query-input":{"@type":"PropertyValueSpecification","valueRequired":true,"valueName":"search_term_string"}}],"inLanguage":"es"}]}},"_links":{"self":[{"href":"https:\/\/ccpe.org.ar\/web\/wp-json\/wp\/v2\/pages\/2685"}],"collection":[{"href":"https:\/\/ccpe.org.ar\/web\/wp-json\/wp\/v2\/pages"}],"about":[{"href":"https:\/\/ccpe.org.ar\/web\/wp-json\/wp\/v2\/types\/page"}],"author":[{"embeddable":true,"href":"https:\/\/ccpe.org.ar\/web\/wp-json\/wp\/v2\/users\/2"}],"replies":[{"embeddable":true,"href":"https:\/\/ccpe.org.ar\/web\/wp-json\/wp\/v2\/comments?post=2685"}],"version-history":[{"count":0,"href":"https:\/\/ccpe.org.ar\/web\/wp-json\/wp\/v2\/pages\/2685\/revisions"}],"wp:attachment":[{"href":"https:\/\/ccpe.org.ar\/web\/wp-json\/wp\/v2\/media?parent=2685"}],"curies":[{"name":"wp","href":"https:\/\/api.w.org\/{rel}","templated":true}]}}