{"id":5038,"date":"2024-02-02T11:14:26","date_gmt":"2024-02-02T14:14:26","guid":{"rendered":"https:\/\/ccpe.org.ar\/web\/?page_id=5038"},"modified":"2025-08-14T12:03:38","modified_gmt":"2025-08-14T15:03:38","slug":"accesibilidad","status":"publish","type":"page","link":"https:\/\/ccpe.org.ar\/web\/accesibilidad\/","title":{"rendered":"Accesibilidad"},"content":{"rendered":"<p><iframe loading=\"lazy\" title=\"YouTube video player\" src=\"https:\/\/www.youtube.com\/embed\/PCAmUOCmQDY?si=9t_1Iigk5iiL0eMw\" width=\"560\" height=\"315\" frameborder=\"0\" allowfullscreen=\"allowfullscreen\"><\/iframe><br \/>\n<img loading=\"lazy\" decoding=\"async\" class=\"alignnone wp-image-5064\" src=\"https:\/\/ccpe.org.ar\/web\/wp-content\/uploads\/2024\/02\/3.-informacion.jpg\" alt=\"Informaci\u00f3n\" width=\"89\" height=\"90\" srcset=\"https:\/\/ccpe.org.ar\/web\/wp-content\/uploads\/2024\/02\/3.-informacion.jpg 274w, https:\/\/ccpe.org.ar\/web\/wp-content\/uploads\/2024\/02\/3.-informacion-150x150.jpg 150w\" sizes=\"(max-width: 89px) 100vw, 89px\" \/><br \/>\nSi necesit\u00e1s asistencia personalizada para inscribirte o asistir a nuestras actividades pod\u00e9s escribir a info@ccpe.org.ar.<\/p>\n<p>&nbsp;<\/p>\n<p><strong> <img loading=\"lazy\" decoding=\"async\" class=\"alignnone wp-image-5073\" src=\"https:\/\/ccpe.org.ar\/web\/wp-content\/uploads\/2024\/02\/9.-unicacion.jpg\" alt=\"Ubicaci\u00f3n\" width=\"88\" height=\"89\" srcset=\"https:\/\/ccpe.org.ar\/web\/wp-content\/uploads\/2024\/02\/9.-unicacion.jpg 274w, https:\/\/ccpe.org.ar\/web\/wp-content\/uploads\/2024\/02\/9.-unicacion-150x150.jpg 150w\" sizes=\"(max-width: 88px) 100vw, 88px\" \/><\/strong><br \/>\n<a href=\"https:\/\/maps.app.goo.gl\/Kb1WLQKR7FYrj5ey8\">Coordenadas de ubicaci\u00f3n en Google Maps del Centro Cultural Parque de Espa\u00f1a<\/a><br \/>\n<iframe loading=\"lazy\" style=\"border: 0;\" src=\"https:\/\/www.google.com\/maps\/embed?pb=!1m14!1m8!1m3!1d1674.2370029717936!2d-60.6366466!3d-32.9384927!3m2!1i1024!2i768!4f13.1!3m3!1m2!1s0x95b7ab237ec831f9%3A0x274d5dad4d9e2cc2!2sComplejo%20Cultural%20%22Parque%20de%20Espa%C3%B1a%22!5e0!3m2!1ses-419!2sar!4v1749743399811!5m2!1ses-419!2sar\" width=\"600\" height=\"450\" allowfullscreen=\"allowfullscreen\"><\/iframe><\/p>\n<p>&nbsp;<\/p>\n<p><img loading=\"lazy\" decoding=\"async\" class=\"alignnone wp-image-5071\" src=\"https:\/\/ccpe.org.ar\/web\/wp-content\/uploads\/2024\/02\/8.-bicicletas.jpg\" alt=\"Bicicletas\" width=\"82\" height=\"82\" srcset=\"https:\/\/ccpe.org.ar\/web\/wp-content\/uploads\/2024\/02\/8.-bicicletas.jpg 274w, https:\/\/ccpe.org.ar\/web\/wp-content\/uploads\/2024\/02\/8.-bicicletas-150x150.jpg 150w\" sizes=\"(max-width: 82px) 100vw, 82px\" \/><br \/>\n<a href=\"https:\/\/maps.app.goo.gl\/psY33sf36L11TCTt6\">Estaci\u00f3n de Mi bici Tu Bici<\/a><span style=\"font-weight: 400;\"> (Av. Belgrano y San Mart\u00edn, a 200 m del CCPE).\u00a0<\/span><br \/>\nEspacio para estacionamiento de bicicletas en el Patio de los Cipreses.<\/p>\n<p>&nbsp;<\/p>\n<p><strong><img loading=\"lazy\" decoding=\"async\" class=\"alignnone wp-image-5074\" src=\"https:\/\/ccpe.org.ar\/web\/wp-content\/uploads\/2024\/02\/10.-bus.jpg\" alt=\"Colectivo\" width=\"87\" height=\"88\" srcset=\"https:\/\/ccpe.org.ar\/web\/wp-content\/uploads\/2024\/02\/10.-bus.jpg 274w, https:\/\/ccpe.org.ar\/web\/wp-content\/uploads\/2024\/02\/10.-bus-150x150.jpg 150w\" sizes=\"(max-width: 87px) 100vw, 87px\" \/><\/strong><br \/>\nParadas de Transporte Urbano de Pasajeros:<br \/>\n<span style=\"font-weight: 400;\">L\u00ednea de la costa (Parada Tucum\u00e1n y Sarmiento, a 300 m)<\/span><br \/>\n<span style=\"font-weight: 400;\">120 (Mitre y Tucum\u00e1n, a 400 m)<\/span><br \/>\n<span style=\"font-weight: 400;\">106 N, 106 R, 129 (Salta y Corrientes, a 400 m)<\/span><br \/>\n<span style=\"font-weight: 400;\">120, 129, 134, 135 (Jujuy y Paraguay, a 500 m)<\/span><br \/>\n<span style=\"font-weight: 400;\">110, 141 (Urquiza y Entre R\u00edos, a 600 m)<\/span><br \/>\n<span style=\"font-weight: 400;\">35\/9 NyR, 103 N, 103 R, 134, 135 (Paraguay y Catamarca, a 600 m)<\/span><\/p>\n<p>&nbsp;<\/p>\n<p><strong>El Centro Cultural Parque de Espa\u00f1a cuenta con:<\/strong><\/p>\n<p>&nbsp;<\/p>\n<p><img loading=\"lazy\" decoding=\"async\" class=\"alignnone wp-image-5067\" src=\"https:\/\/ccpe.org.ar\/web\/wp-content\/uploads\/2024\/02\/4.-silla-de-ruedas.jpg\" alt=\"Silla de ruedas\" width=\"86\" height=\"87\" srcset=\"https:\/\/ccpe.org.ar\/web\/wp-content\/uploads\/2024\/02\/4.-silla-de-ruedas.jpg 274w, https:\/\/ccpe.org.ar\/web\/wp-content\/uploads\/2024\/02\/4.-silla-de-ruedas-150x150.jpg 150w\" sizes=\"(max-width: 86px) 100vw, 86px\" \/><br \/>\n<span style=\"font-weight: 400;\">Espacio de estacionamiento reservado para personas con discapacidad<\/span><\/p>\n<p>&nbsp;<\/p>\n<p><img loading=\"lazy\" decoding=\"async\" class=\"alignnone wp-image-5063\" src=\"https:\/\/ccpe.org.ar\/web\/wp-content\/uploads\/2024\/02\/2.-rampa.jpg\" alt=\"\" width=\"90\" height=\"91\" srcset=\"https:\/\/ccpe.org.ar\/web\/wp-content\/uploads\/2024\/02\/2.-rampa.jpg 274w, https:\/\/ccpe.org.ar\/web\/wp-content\/uploads\/2024\/02\/2.-rampa-150x150.jpg 150w\" sizes=\"(max-width: 90px) 100vw, 90px\" \/><br \/>\n<span style=\"font-weight: 400;\">Rampas de accesibilidad<\/span><\/p>\n<p>&nbsp;<\/p>\n<p><img loading=\"lazy\" decoding=\"async\" class=\"alignnone wp-image-5067\" src=\"https:\/\/ccpe.org.ar\/web\/wp-content\/uploads\/2024\/02\/4.-silla-de-ruedas.jpg\" alt=\"Silla de ruedas\" width=\"86\" height=\"87\" srcset=\"https:\/\/ccpe.org.ar\/web\/wp-content\/uploads\/2024\/02\/4.-silla-de-ruedas.jpg 274w, https:\/\/ccpe.org.ar\/web\/wp-content\/uploads\/2024\/02\/4.-silla-de-ruedas-150x150.jpg 150w\" sizes=\"(max-width: 86px) 100vw, 86px\" \/><br \/>\n<span style=\"font-weight: 400;\">Silla de ruedas<\/span><\/p>\n<p>&nbsp;<\/p>\n<p><img loading=\"lazy\" decoding=\"async\" class=\"alignnone wp-image-5068\" src=\"https:\/\/ccpe.org.ar\/web\/wp-content\/uploads\/2024\/02\/5.-bano.jpg\" alt=\"Ba\u00f1o Universal\" width=\"86\" height=\"87\" srcset=\"https:\/\/ccpe.org.ar\/web\/wp-content\/uploads\/2024\/02\/5.-bano.jpg 274w, https:\/\/ccpe.org.ar\/web\/wp-content\/uploads\/2024\/02\/5.-bano-150x150.jpg 150w\" sizes=\"(max-width: 86px) 100vw, 86px\" \/><br \/>\n<span style=\"font-weight: 400;\">Ba\u00f1os accesibles, con cambiadores para beb\u00e9s<\/span><\/p>\n<p>&nbsp;<\/p>\n<p><img loading=\"lazy\" decoding=\"async\" class=\"alignnone wp-image-5067\" src=\"https:\/\/ccpe.org.ar\/web\/wp-content\/uploads\/2024\/02\/4.-silla-de-ruedas.jpg\" alt=\"Silla de ruedas\" width=\"86\" height=\"87\" srcset=\"https:\/\/ccpe.org.ar\/web\/wp-content\/uploads\/2024\/02\/4.-silla-de-ruedas.jpg 274w, https:\/\/ccpe.org.ar\/web\/wp-content\/uploads\/2024\/02\/4.-silla-de-ruedas-150x150.jpg 150w\" sizes=\"(max-width: 86px) 100vw, 86px\" \/><br \/>\n<span style=\"font-weight: 400;\">Espacios reservados para silla de ruedas en las salas<\/span><\/p>\n<p>&nbsp;<\/p>\n<p><img loading=\"lazy\" decoding=\"async\" class=\"alignnone wp-image-5062\" src=\"https:\/\/ccpe.org.ar\/web\/wp-content\/uploads\/2024\/02\/1.-area-de-descanso.jpg\" alt=\"\u00c1rea de Descanso\" width=\"89\" height=\"90\" srcset=\"https:\/\/ccpe.org.ar\/web\/wp-content\/uploads\/2024\/02\/1.-area-de-descanso.jpg 274w, https:\/\/ccpe.org.ar\/web\/wp-content\/uploads\/2024\/02\/1.-area-de-descanso-150x150.jpg 150w\" sizes=\"(max-width: 89px) 100vw, 89px\" \/><br \/>\nAsientos de descanso<\/p>\n<p>&nbsp;<\/p>\n<p><img loading=\"lazy\" decoding=\"async\" class=\"alignnone wp-image-5070\" src=\"https:\/\/ccpe.org.ar\/web\/wp-content\/uploads\/2024\/02\/7.-visitas-guiadas.jpg\" alt=\"Visitas guiadas\" width=\"85\" height=\"85\" srcset=\"https:\/\/ccpe.org.ar\/web\/wp-content\/uploads\/2024\/02\/7.-visitas-guiadas.jpg 274w, https:\/\/ccpe.org.ar\/web\/wp-content\/uploads\/2024\/02\/7.-visitas-guiadas-150x150.jpg 150w\" sizes=\"(max-width: 85px) 100vw, 85px\" \/><br \/>\nVisitas guiadas para grupos, con cita previa escribiendo a visitasguiadas@ccpe.org.ar<\/p>\n<p>&nbsp;<\/p>\n<p>&nbsp;<\/p>\n<p>&nbsp;<\/p>\n<p>&nbsp;<\/p>\n<p><em>\u00abSistema de Pictogramas Accesibles\u00bb, Ministerio de Cultura de Naci\u00f3n. Argentina, <\/em><em>2023.<\/em><\/p>\n","protected":false},"excerpt":{"rendered":"<p>Si necesit\u00e1s asistencia personalizada para inscribirte o asistir a nuestras actividades pod\u00e9s escribir a info@ccpe.org.ar. &nbsp; Coordenadas de ubicaci\u00f3n en Google Maps del Centro Cultural Parque de Espa\u00f1a &nbsp; Estaci\u00f3n de Mi bici Tu Bici (Av. Belgrano y San Mart\u00edn, a 200 m del CCPE).\u00a0 Espacio para estacionamiento de bicicletas en el Patio de los [&hellip;]<\/p>\n","protected":false},"author":2,"featured_media":0,"parent":0,"menu_order":0,"comment_status":"closed","ping_status":"closed","template":"","meta":{"_et_pb_use_builder":"","_et_pb_old_content":"","_et_gb_content_width":"","_exactmetrics_skip_tracking":false,"_exactmetrics_sitenote_active":false,"_exactmetrics_sitenote_note":"","_exactmetrics_sitenote_category":0,"footnotes":""},"yoast_head":"<!-- This site is optimized with the Yoast SEO plugin v23.5 - https:\/\/yoast.com\/wordpress\/plugins\/seo\/ -->\n<title>Accesibilidad - Centro Cultural Parque de Espa\u00f1a\/AECID<\/title>\n<meta name=\"robots\" content=\"index, follow, max-snippet:-1, max-image-preview:large, max-video-preview:-1\" \/>\n<link rel=\"canonical\" href=\"https:\/\/ccpe.org.ar\/web\/accesibilidad\/\" \/>\n<meta property=\"og:locale\" content=\"es_ES\" \/>\n<meta property=\"og:type\" content=\"article\" \/>\n<meta property=\"og:title\" content=\"Accesibilidad - Centro Cultural Parque de Espa\u00f1a\/AECID\" \/>\n<meta property=\"og:description\" content=\"Si necesit\u00e1s asistencia personalizada para inscribirte o asistir a nuestras actividades pod\u00e9s escribir a info@ccpe.org.ar. &nbsp; Coordenadas de ubicaci\u00f3n en Google Maps del Centro Cultural Parque de Espa\u00f1a &nbsp; Estaci\u00f3n de Mi bici Tu Bici (Av. Belgrano y San Mart\u00edn, a 200 m del CCPE).\u00a0 Espacio para estacionamiento de bicicletas en el Patio de los [&hellip;]\" \/>\n<meta property=\"og:url\" content=\"https:\/\/ccpe.org.ar\/web\/accesibilidad\/\" \/>\n<meta property=\"og:site_name\" content=\"Centro Cultural Parque de Espa\u00f1a\/AECID\" \/>\n<meta property=\"article:publisher\" content=\"https:\/\/www.facebook.com\/CCPErosario\/\" \/>\n<meta property=\"article:modified_time\" content=\"2025-08-14T15:03:38+00:00\" \/>\n<meta property=\"og:image\" content=\"https:\/\/ccpe.org.ar\/web\/wp-content\/uploads\/2024\/02\/3.-informacion.jpg\" \/>\n<meta name=\"twitter:card\" content=\"summary_large_image\" \/>\n<meta name=\"twitter:site\" content=\"@ccpe\" \/>\n<meta name=\"twitter:label1\" content=\"Tiempo de lectura\" \/>\n\t<meta name=\"twitter:data1\" content=\"4 minutos\" \/>\n<script type=\"application\/ld+json\" class=\"yoast-schema-graph\">{\"@context\":\"https:\/\/schema.org\",\"@graph\":[{\"@type\":\"WebPage\",\"@id\":\"https:\/\/ccpe.org.ar\/web\/accesibilidad\/\",\"url\":\"https:\/\/ccpe.org.ar\/web\/accesibilidad\/\",\"name\":\"Accesibilidad - Centro Cultural Parque de Espa\u00f1a\/AECID\",\"isPartOf\":{\"@id\":\"https:\/\/ccpe.org.ar\/web\/#website\"},\"primaryImageOfPage\":{\"@id\":\"https:\/\/ccpe.org.ar\/web\/accesibilidad\/#primaryimage\"},\"image\":{\"@id\":\"https:\/\/ccpe.org.ar\/web\/accesibilidad\/#primaryimage\"},\"thumbnailUrl\":\"https:\/\/ccpe.org.ar\/web\/wp-content\/uploads\/2024\/02\/3.-informacion.jpg\",\"datePublished\":\"2024-02-02T14:14:26+00:00\",\"dateModified\":\"2025-08-14T15:03:38+00:00\",\"breadcrumb\":{\"@id\":\"https:\/\/ccpe.org.ar\/web\/accesibilidad\/#breadcrumb\"},\"inLanguage\":\"es\",\"potentialAction\":[{\"@type\":\"ReadAction\",\"target\":[\"https:\/\/ccpe.org.ar\/web\/accesibilidad\/\"]}]},{\"@type\":\"ImageObject\",\"inLanguage\":\"es\",\"@id\":\"https:\/\/ccpe.org.ar\/web\/accesibilidad\/#primaryimage\",\"url\":\"https:\/\/ccpe.org.ar\/web\/wp-content\/uploads\/2024\/02\/3.-informacion.jpg\",\"contentUrl\":\"https:\/\/ccpe.org.ar\/web\/wp-content\/uploads\/2024\/02\/3.-informacion.jpg\",\"width\":274,\"height\":276,\"caption\":\"Informaci\u00f3n\"},{\"@type\":\"BreadcrumbList\",\"@id\":\"https:\/\/ccpe.org.ar\/web\/accesibilidad\/#breadcrumb\",\"itemListElement\":[{\"@type\":\"ListItem\",\"position\":1,\"name\":\"Portada\",\"item\":\"https:\/\/ccpe.org.ar\/web\/\"},{\"@type\":\"ListItem\",\"position\":2,\"name\":\"Accesibilidad\"}]},{\"@type\":\"WebSite\",\"@id\":\"https:\/\/ccpe.org.ar\/web\/#website\",\"url\":\"https:\/\/ccpe.org.ar\/web\/\",\"name\":\"Centro Cultural Parque de Espa\u00f1a\/AECID\",\"description\":\"Sitio web del Centro Cultural Parque de Espa\u00f1a\/AECID\",\"potentialAction\":[{\"@type\":\"SearchAction\",\"target\":{\"@type\":\"EntryPoint\",\"urlTemplate\":\"https:\/\/ccpe.org.ar\/web\/?s={search_term_string}\"},\"query-input\":{\"@type\":\"PropertyValueSpecification\",\"valueRequired\":true,\"valueName\":\"search_term_string\"}}],\"inLanguage\":\"es\"}]}<\/script>\n<!-- \/ Yoast SEO plugin. -->","yoast_head_json":{"title":"Accesibilidad - Centro Cultural Parque de Espa\u00f1a\/AECID","robots":{"index":"index","follow":"follow","max-snippet":"max-snippet:-1","max-image-preview":"max-image-preview:large","max-video-preview":"max-video-preview:-1"},"canonical":"https:\/\/ccpe.org.ar\/web\/accesibilidad\/","og_locale":"es_ES","og_type":"article","og_title":"Accesibilidad - Centro Cultural Parque de Espa\u00f1a\/AECID","og_description":"Si necesit\u00e1s asistencia personalizada para inscribirte o asistir a nuestras actividades pod\u00e9s escribir a info@ccpe.org.ar. &nbsp; Coordenadas de ubicaci\u00f3n en Google Maps del Centro Cultural Parque de Espa\u00f1a &nbsp; Estaci\u00f3n de Mi bici Tu Bici (Av. Belgrano y San Mart\u00edn, a 200 m del CCPE).\u00a0 Espacio para estacionamiento de bicicletas en el Patio de los [&hellip;]","og_url":"https:\/\/ccpe.org.ar\/web\/accesibilidad\/","og_site_name":"Centro Cultural Parque de Espa\u00f1a\/AECID","article_publisher":"https:\/\/www.facebook.com\/CCPErosario\/","article_modified_time":"2025-08-14T15:03:38+00:00","og_image":[{"url":"https:\/\/ccpe.org.ar\/web\/wp-content\/uploads\/2024\/02\/3.-informacion.jpg"}],"twitter_card":"summary_large_image","twitter_site":"@ccpe","twitter_misc":{"Tiempo de lectura":"4 minutos"},"schema":{"@context":"https:\/\/schema.org","@graph":[{"@type":"WebPage","@id":"https:\/\/ccpe.org.ar\/web\/accesibilidad\/","url":"https:\/\/ccpe.org.ar\/web\/accesibilidad\/","name":"Accesibilidad - Centro Cultural Parque de Espa\u00f1a\/AECID","isPartOf":{"@id":"https:\/\/ccpe.org.ar\/web\/#website"},"primaryImageOfPage":{"@id":"https:\/\/ccpe.org.ar\/web\/accesibilidad\/#primaryimage"},"image":{"@id":"https:\/\/ccpe.org.ar\/web\/accesibilidad\/#primaryimage"},"thumbnailUrl":"https:\/\/ccpe.org.ar\/web\/wp-content\/uploads\/2024\/02\/3.-informacion.jpg","datePublished":"2024-02-02T14:14:26+00:00","dateModified":"2025-08-14T15:03:38+00:00","breadcrumb":{"@id":"https:\/\/ccpe.org.ar\/web\/accesibilidad\/#breadcrumb"},"inLanguage":"es","potentialAction":[{"@type":"ReadAction","target":["https:\/\/ccpe.org.ar\/web\/accesibilidad\/"]}]},{"@type":"ImageObject","inLanguage":"es","@id":"https:\/\/ccpe.org.ar\/web\/accesibilidad\/#primaryimage","url":"https:\/\/ccpe.org.ar\/web\/wp-content\/uploads\/2024\/02\/3.-informacion.jpg","contentUrl":"https:\/\/ccpe.org.ar\/web\/wp-content\/uploads\/2024\/02\/3.-informacion.jpg","width":274,"height":276,"caption":"Informaci\u00f3n"},{"@type":"BreadcrumbList","@id":"https:\/\/ccpe.org.ar\/web\/accesibilidad\/#breadcrumb","itemListElement":[{"@type":"ListItem","position":1,"name":"Portada","item":"https:\/\/ccpe.org.ar\/web\/"},{"@type":"ListItem","position":2,"name":"Accesibilidad"}]},{"@type":"WebSite","@id":"https:\/\/ccpe.org.ar\/web\/#website","url":"https:\/\/ccpe.org.ar\/web\/","name":"Centro Cultural Parque de Espa\u00f1a\/AECID","description":"Sitio web del Centro Cultural Parque de Espa\u00f1a\/AECID","potentialAction":[{"@type":"SearchAction","target":{"@type":"EntryPoint","urlTemplate":"https:\/\/ccpe.org.ar\/web\/?s={search_term_string}"},"query-input":{"@type":"PropertyValueSpecification","valueRequired":true,"valueName":"search_term_string"}}],"inLanguage":"es"}]}},"_links":{"self":[{"href":"https:\/\/ccpe.org.ar\/web\/wp-json\/wp\/v2\/pages\/5038"}],"collection":[{"href":"https:\/\/ccpe.org.ar\/web\/wp-json\/wp\/v2\/pages"}],"about":[{"href":"https:\/\/ccpe.org.ar\/web\/wp-json\/wp\/v2\/types\/page"}],"author":[{"embeddable":true,"href":"https:\/\/ccpe.org.ar\/web\/wp-json\/wp\/v2\/users\/2"}],"replies":[{"embeddable":true,"href":"https:\/\/ccpe.org.ar\/web\/wp-json\/wp\/v2\/comments?post=5038"}],"version-history":[{"count":5,"href":"https:\/\/ccpe.org.ar\/web\/wp-json\/wp\/v2\/pages\/5038\/revisions"}],"predecessor-version":[{"id":7502,"href":"https:\/\/ccpe.org.ar\/web\/wp-json\/wp\/v2\/pages\/5038\/revisions\/7502"}],"wp:attachment":[{"href":"https:\/\/ccpe.org.ar\/web\/wp-json\/wp\/v2\/media?parent=5038"}],"curies":[{"name":"wp","href":"https:\/\/api.w.org\/{rel}","templated":true}]}}