{"id":7574,"date":"2025-09-26T12:24:29","date_gmt":"2025-09-26T15:24:29","guid":{"rendered":"https:\/\/ccpe.org.ar\/web\/?page_id=7574"},"modified":"2026-02-26T10:06:19","modified_gmt":"2026-02-26T13:06:19","slug":"los-tuneles-del-tiempo-una-ciudad-pujante","status":"publish","type":"page","link":"https:\/\/ccpe.org.ar\/web\/los-tuneles-del-tiempo-una-ciudad-pujante\/","title":{"rendered":"Los t\u00faneles del tiempo. Una ciudad pujante"},"content":{"rendered":"<h1>(TEXTO LECTURA F\u00c1CIL AL PIE)<\/h1>\n<p>&nbsp;<\/p>\n<p><strong>ROSARIO Y EL CICLO DE ESPECIALIZACI\u00d3N TRIGUERA (1860-1895)<\/strong><\/p>\n<p><a href=\"https:\/\/drive.google.com\/file\/d\/125m81vcAMt_XnrZOeClr95gB1K038bKH\/view?usp=drive_link\">AUDIODESCRIPCI\u00d3N AC\u00c1<\/a><\/p>\n<p>Desde finales de los a\u00f1os de 1840 Rosario cont\u00f3 en sus cercan\u00edas con un creciente entorno de producciones trigueras intensivas. En las d\u00e9cadas siguientes la producci\u00f3n agr\u00edcola creci\u00f3 exponencialmente en los distritos cercanos a la ciudad y en las tierras ubicadas en el centro del departamento Rosario. Se introdujeron importantes mejoras en la calidad de las semillas, en el manejo de los suelos y en el aprovechamiento de los barbechos, lo que muestra el notable crecimiento que tuvo el paquete tecnol\u00f3gico aplicado a la siembra de trigo, ensayado primero en las colonias santafesinas del centro provincial y luego en los n\u00facleos agr\u00edcolas cercanos a Rosario.<\/p>\n<p>La innovaci\u00f3n en las t\u00e9cnicas y en las pr\u00e1cticas agr\u00edcolas del \u00faltimo cuarto del ochocientos increment\u00f3 la superficie cultivada por unidad de explotaci\u00f3n, factores que resultaron clave para el desarrollo de una agricultura extensiva y especializada. El aumento de la escala productiva supuso a su vez un proceso de reducci\u00f3n de los costos de producci\u00f3n. La introducci\u00f3n de nuevos m\u00e9todos y de maquinaria permitieron incrementar con eficiencia y rapidez las labores de roturaci\u00f3n en suelos nuevos logrando surcos profundos con un bajo n\u00famero de labranzas. La introducci\u00f3n de arados importados y con rejas m\u00faltiples, m\u00e1s livianos que los arados criollos tradicionales, aumentaron la capacidad operativa de las tareas y la reducci\u00f3n de los tiempos en el segmento de labranza, al mismo tiempo que las m\u00e1quinas sembradoras reemplazaban las antiguas t\u00e9cnicas de siembra al voleo.<\/p>\n<p>La nueva matriz productiva exigi\u00f3 perfeccionar otros eslabones estrat\u00e9gicos del proceso de trabajo agr\u00edcola. La introducci\u00f3n de m\u00e1quinas segadoras y trilladoras redujo a su vez los costos de los segmentos m\u00e1s onerosos del ciclo triguero. La mecanizaci\u00f3n de la siega y de la trilla result\u00f3 estrat\u00e9gica para el ahorro de tiempos y la mejora en la calidad del trigo producido mediante procesos mec\u00e1nicos. El aumento progresivo de la complejidad t\u00e9cnica de la maquinaria agr\u00edcola de finales del ochocientos dio paso a la importaci\u00f3n de maquinaria agr\u00edcola europea y estadounidense sobre todo en los segmentos de mayor costo y complejidad t\u00e9cnica (segadoras, sembradoras, trilladoras).<\/p>\n<p>Desde mediados del siglo XIX Rosario ya contaba con un consolidado grupo de comerciantes cuyos capitales se hab\u00edan acrecentado a partir del comercio con las provincias del interior entre 1840 y 1860. La experiencia adquirida como abastecedores de los ej\u00e9rcitos aliados durante la Guerra con el Paraguay acentu\u00f3 la especializaci\u00f3n de esas empresas en el negocio de la exportaci\u00f3n de cueros y lanas, productos a los que se sumaron despu\u00e9s los embarques de trigo destinados a los mercados de cereales. Algunos empresarios que se hab\u00edan especializado en la exportaci\u00f3n de productos ganaderos entraron en el negocio de la exportaci\u00f3n del trigo y en la introducci\u00f3n de maquinaria agr\u00edcola.<\/p>\n<p>El papel de Rosario fue clave en el acceso a complejos tecno-econ\u00f3micos orientados a potenciar la modernizaci\u00f3n de la matriz agr\u00edcola y el aumento de la producci\u00f3n triguera en los nuevos espacios productivos del centro y del sur provincial. La ciudad fue el mayor epicentro importador de maquinaria para el agro del interior del pa\u00eds. En la d\u00e9cada de 1880, las empresas comerciales dedicadas a la importaci\u00f3n de maquinarias para el agro y de exportaci\u00f3n de cereales sumaron a su negocio la provisi\u00f3n de insumos para sectores manufactureros emergentes tales como las fundiciones, carpinter\u00edas y talleres metal\u00fargicos que abastec\u00edan a grandes establecimientos fabriles (molinos, refiner\u00edas, ferrocarriles).<\/p>\n<p><strong>\u00a0<\/strong><\/p>\n<p><strong>MODERNIZACI\u00d3N AGR\u00cdCOLA E INDUSTRIA: LA PRODUCCI\u00d3N HARINERA EN ROSARIO<\/strong><\/p>\n<p><a href=\"https:\/\/drive.google.com\/file\/d\/1gYZPS3ZG45mZUyja9hGOLtL5ia_fZl_a\/view?usp=drive_link\">AUDIODESCRIPCI\u00d3N AC\u00c1<\/a><\/p>\n<p>Hasta mediados de la d\u00e9cada de 1870, Argentina depend\u00eda en buena parte de la oferta extranjera de harinas. Con una producci\u00f3n asentada en m\u00e9todos arcaicos de molienda, los establecimientos molineros existentes a mediados del siglo XIX no contaban con suficiente capacidad instalada para abastecer el mercado interno. Las calidades de los trigos sembrados resultaban adem\u00e1s inadecuadas para la elaboraci\u00f3n de harinas finas semejantes a las requeridas por los est\u00e1ndares europeos y de Am\u00e9rica del Norte.<\/p>\n<p>La expansi\u00f3n de la producci\u00f3n agr\u00edcola de los \u00faltimos decenios del siglo XIX creci\u00f3 de la mano de la introducci\u00f3n de nuevas variedades de trigo. Se trat\u00f3 de un proceso de renovaci\u00f3n de semillas, mejor adaptadas a las condiciones de cultivo pampeanas, entre las que se destaca el <em>Barletta, <\/em>una semilla tra\u00edda de Italia por comerciantes genoveses instalados en la ciudad de Buenos Aires a mediados de la d\u00e9cada de 1840. Constitu\u00eda un trigo de muy alta calidad, m\u00e1s resistente y adaptable al cultivo extensivo en tierras de frontera. El <em>Barletta<\/em> fue tempranamente introducido en las colonias agr\u00edcolas del centro de Santa Fe, llegando en poco tiempo a las tierras del sur provincial.<\/p>\n<p>El cambio en la matriz tecnol\u00f3gica agr\u00edcola tuvo un efecto multiplicador en las actividades manufactureras de la ciudad de Rosario. La ciudad fue pionera en el desarrollo de la producci\u00f3n harinera. Comerciantes y empresarios invirtieron capitales en la molienda de trigo. A finales de la d\u00e9cada de 1850 se crearon establecimientos harineros que fueron desplazando paulatinamente del escenario local a las tradicionales atahonas rurales (de escasa capacidad de molienda y escasos recursos t\u00e9cnicos, tales como la molienda de piedra y la tracci\u00f3n animal). Los primeros dos molinos que funcionaron en la ciudad se instalaron al sur de la ciudad. Como fen\u00f3meno asociado al ciclo de especializaci\u00f3n cerealera, emergieron una serie de emprendimientos manufactureros que buscaron generar valor agregado en la producci\u00f3n agr\u00edcola, entre los que se destac\u00f3 la industria molinera. Ya a mediados de la d\u00e9cada de 1850 el empresario de origen riojano Timoteo Gordillo instal\u00f3 en la ciudad un molino moderno con maquinaria importada: el <em>Molino Blanco<\/em>, ubicado en el l\u00edmite sur de la ciudad, fue accionado con fuerza hidr\u00e1ulica movida por las aguas del arroyo Saladillo embalsadas entre muros. A este emprendimiento le siguieron otros como el <em>Molino <\/em><em>La Estrella<\/em> fundado por Marcelino Semino en 1865.<\/p>\n<p>A partir de 1870 el crecimiento del n\u00famero de molinos a vapor increment\u00f3 la producci\u00f3n harinera en la ciudad. Rosario y los distritos cerealeros de las colonias agr\u00edcolas del centro y del sur provincial fueron la punta de lanza de la incorporaci\u00f3n de tecnolog\u00eda moderna en los procesos de molienda.\u00a0 La industria molinera de Rosario represent\u00f3 uno de los sectores l\u00edderes de la econom\u00eda local. Su crecimiento se bas\u00f3 en la innovaci\u00f3n, la inversi\u00f3n y la renovaci\u00f3n basadas en maquinaria perfeccionada y adaptada a m\u00e9todos modernos de molienda como por ejemplo el uso de cilindros verticales de metal y el cambio de matriz energ\u00e9tica basada en motores el\u00e9ctricos para la obtenci\u00f3n de harina de primera calidad orientada al mercado mundial. A finales de la d\u00e9cada de 1880 se hab\u00eda completado la optimizaci\u00f3n del procesamiento de harinas mediante la instalaci\u00f3n de cilindros de porcelana que sustituyeron el antiguo sistema de molienda a piedra, uno de cuyos ejemplos fue el <em>Molino Nacional<\/em> establecido en Rosario por la empresa Wildermuth y Cia. en 1887. La mejora de la calidad de las harinas impuls\u00f3 el alza de los precios de los trigos libres de impurezas generados por la modernizaci\u00f3n de las t\u00e9cnicas y la introducci\u00f3n de maquinaria agr\u00edcola. En 1895, 69 de los 74 molinos existentes en la provincia utilizaban el sistema de molienda por cilindros, ubicando a la provincia y a Rosario a la cabeza del proceso de modernizaci\u00f3n de la industria harinera de Argentina.<\/p>\n<p><strong>\u00a0<\/strong><\/p>\n<p><strong>DE MALLORCA A ROSARIO: PANIFICACI\u00d3N E INDUSTRIA MOLINERA<\/strong><\/p>\n<p><a href=\"https:\/\/drive.google.com\/file\/d\/1CQMMGNTeZI4HfmRSbQFPScAHiX1Mzx2N\/view?usp=drive_link\">AUDIODESCRIPCI\u00d3N AC\u00c1<\/a><\/p>\n<p>El crecimiento de Rosario durante el \u00faltimo cuarto del siglo XIX convoc\u00f3 la llegada masiva de europeos a sus costas. Desde Espa\u00f1a arribaron inmigrantes de distintos espacios regionales peninsulares. Numerosos catalanes y baleares atravesaron el Atl\u00e1ntico emprender negocios y actividades manufactureras, desarrollar oficios y trabajar en la construcci\u00f3n de infraestructuras e industrias de la pujante ciudad.<\/p>\n<p>Juan Cabanellas (Pollensa, 1855) recorri\u00f3 un itinerario destacado en el \u00e1mbito empresarial de Rosario y de la regi\u00f3n triguera. Desde su arribo a la ciudad avanz\u00f3 en el segmento de la panificaci\u00f3n creando el establecimiento <em>La Europea<\/em> (1884-1885), negocio que le permiti\u00f3 iniciar en poco menos de una d\u00e9cada, otros negocios asociados a la producci\u00f3n de harinas. Su primer acercamiento a la actividad molinera data de 1891, cuando alquil\u00f3 el molino a vapor denominado <em>Molino Harinero Rosario<\/em> ubicado en el sur de la ciudad a Henry B. Coffin (socio capitalista de la <em>Sociedad de Graneros de Rosario<\/em> creada en 1879 junto a C. Casado del Alisal). A lo largo de la d\u00e9cada de 1890, Cabanellas expandi\u00f3 sus negocios dentro del segmento de la moliner\u00eda, participando como socio y despu\u00e9s como propietario del Molino Maciel, emprendimiento que hab\u00edan iniciado sus coterr\u00e1neos Albert\u00ed, Salas y Cia.\u00a0 En los inicios del nuevo siglo, Cabanellas moderniz\u00f3 el establecimiento harinero de Maciel instalando motores a vapor y cilindros de porcelana de origen europeo, aumentando de este modo la capacidad de producci\u00f3n y la fabricaci\u00f3n de cuatro calidades de harinas. El ciclo de expansi\u00f3n y de articulaci\u00f3n vertical de sus negocios avanz\u00f3 al segmento de la comercializaci\u00f3n, acopio y producci\u00f3n de cereales (trigo, ma\u00edz, lino). Durante la primera d\u00e9cada del novecientos, las empresas de molienda, acopio de granos y panificaci\u00f3n unificaron su patrimonio en la sociedad Cabanellas y Cia. (1906), incorporando como socios y encargados de la gesti\u00f3n empresarial a parientes\u00a0 (Tellechea y M. Cabanellas Rotger) y amigos mallorquines (F. Colomar).<\/p>\n<p>El crecimiento patrimonial de Juan Cabanellas habilit\u00f3 la construcci\u00f3n de uno de los mayores establecimientos de panificaci\u00f3n de la ciudad en 1913. Convoc\u00f3 para ello al arquitecto mallorqu\u00edn Francisco Roca y Sim\u00f3, instalado en Rosario en 1910 y representante del modernismo catal\u00e1n.<\/p>\n<p>&nbsp;<\/p>\n<p><strong>MAQUINARIA AGR\u00cdCOLA Y AGRICULTURA ESPECIALIZADA<\/strong><\/p>\n<p><a href=\"https:\/\/drive.google.com\/file\/d\/1x4aYVgiU5APyy-0vuZw1ZQ2IVjiHfCNX\/view?usp=drive_link\">AUDIODESCRIPCI\u00d3N AC\u00c1<\/a><\/p>\n<p>La incorporaci\u00f3n de maquinaria basada en el paradigma de la agricultura de escala transit\u00f3 un prolongado proceso de innovaci\u00f3n en el cual diferentes actores (productores, profesionales t\u00e9cnicos, comerciantes e intermediarios, fabricantes) adaptaron, ajustaron y modificaron a las condiciones locales la oferta tecnol\u00f3gica generada en otras estructuras ecol\u00f3gicas y clim\u00e1ticas.<\/p>\n<p>Desde la d\u00e9cada de 1880, Argentina se convirti\u00f3 en uno de los grandes importadores mundiales de implementos y maquinaria agr\u00edcola. La participaci\u00f3n de empresarios locales dentro del sector de importaci\u00f3n de maquinarias a fines del ochocientos tuvo como objetivo atender a la demanda de mejoras en los equipos importados que el mercado local impon\u00eda. Las grandes casas importadoras incorporaron cuadros t\u00e9cnicos para dirigir las \u00e1reas de reparaciones mec\u00e1nicas que en algunos casos impulsaron la construcci\u00f3n local de maquinaria y de procesos adaptados a los m\u00e9todos culturales pampeanos.<\/p>\n<p>Como centro especializado de distribuci\u00f3n y de venta, desde la ciudad de Rosario se tejieron densas redes de distribuidores de venta directa en cada rinc\u00f3n del interior provincial y regional. Los integrantes del influyente conglomerado de importadores con sede en Rosario (Schiffner, Chiesa, Pinasco) contaban con redes y conexiones comerciales tejidas en pueblos y localidades del interior cerealero de la provincia.<\/p>\n<p>A fines del siglo XIX, las casas introductoras y representantes de firmas extranjeras cubr\u00edan un gran abanico de productos relacionados. Algunas empresas introductoras extranjeras se mantuvieron largo tiempo en operaci\u00f3n y concentraron una importante cuota del mercado. El ejemplo m\u00e1s claro es el de Agar Cross, fundada en 1884, con casa matriz en Londres y sucursales en Nueva York, Rosario, Tucum\u00e1n y Bah\u00eda Blanca.<\/p>\n<p>Los sistemas de comercializaci\u00f3n de la maquinaria extranjera contaban con una estructura compleja de ventas de equipos y de repuestos, de demostraci\u00f3n y asesoramiento profesional y de generaci\u00f3n de una red de agentes y de representantes comerciales en la Argentina encargados del mercado nacional y provincial. Las empresas europeas y norteamericanas contaban con tecnolog\u00eda madura y econom\u00edas de escala a partir de las cuales produc\u00edan equipos a bajo costo. Los agentes comerciales de la maquinaria importada aportaron dep\u00f3sitos y talleres mec\u00e1nicos en sus sedes principales, adonde desarmaban y reparaban equipos, vend\u00edan repuestos y ofrec\u00edan servicio de reparaciones que inclu\u00edan el env\u00edo sin cargo de personal especializado a la campa\u00f1a para la revisi\u00f3n de las m\u00e1quinas.<\/p>\n<p>Los procesos innovativos generaron un entramado de aprendizajes y de conocimientos dentro de los cuales se asociaron las empresas encargadas de introducir maquinaria en el pa\u00eds. Lejos de viajar en un solo sentido, dichos procesos circularon desde los usuarios y agentes de comercializaci\u00f3n a las fabricantes americanas y europeas de maquinaria agr\u00edcola.<\/p>\n<p>_____________________________________________________________________________________________________________________________________________<\/p>\n<h1>TEXTO LECTURA F\u00c1CIL<\/h1>\n<p>&nbsp;<\/p>\n<h1><b>Los t\u00faneles del tiempo.<\/b><\/h1>\n<h1><b>Entre la tierra y el agua.<\/b><\/h1>\n<h2><b>Tercer tiempo: Rosario y el Parque de Espa\u00f1a (1984\u20131994)<\/b><\/h2>\n<p><b>D\u00e9cada de 1970<\/b><b><br \/>\n<\/b><span style=\"font-weight: 400;\"> La inmigraci\u00f3n espa\u00f1ola hacia la Argentina lleg\u00f3 a su fin.<\/span><span style=\"font-weight: 400;\"><br \/>\n<\/span><span style=\"font-weight: 400;\"> Las comunidades espa\u00f1olas comenzaron a perder renovaci\u00f3n.<\/span><span style=\"font-weight: 400;\"><br \/>\n<\/span><span style=\"font-weight: 400;\"> En Rosario, este cambio tambi\u00e9n se hizo visible.<\/span><\/p>\n<p><b>1975<\/b><b><br \/>\n<\/b><span style=\"font-weight: 400;\"> Muri\u00f3 Francisco Franco.<\/span><span style=\"font-weight: 400;\"><br \/>\n<\/span><span style=\"font-weight: 400;\"> Termin\u00f3 la dictadura en Espa\u00f1a.<\/span><\/p>\n<p><b>1975\u20131982<\/b><b><br \/>\n<\/b><span style=\"font-weight: 400;\"> Espa\u00f1a inici\u00f3 la Transici\u00f3n democr\u00e1tica.<\/span><span style=\"font-weight: 400;\"><br \/>\n<\/span><span style=\"font-weight: 400;\"> Se redefinieron los v\u00ednculos con las comunidades espa\u00f1olas en el exterior.<\/span><\/p>\n<p><b>D\u00e9cada de 1980<\/b><b><br \/>\n<\/b><span style=\"font-weight: 400;\">En este nuevo contexto surgi\u00f3 el proyecto del Parque de \u00a0 Espa\u00f1a en Rosario.<\/span><span style=\"font-weight: 400;\"><br \/>\n<\/span><span style=\"font-weight: 400;\">La iniciativa fue impulsada por empresarios y dirigentes espa\u00f1oles locales.<\/span><span style=\"font-weight: 400;\"><br \/>\n<\/span><span style=\"font-weight: 400;\">Entre ellos se destacaron Francisco Rodr\u00edguez (La Virginia) y E. Azanza.<\/span><\/p>\n<p><b>1984\u20131994<\/b><b><br \/>\n<\/b><span style=\"font-weight: 400;\"> El Parque de Espa\u00f1a se desarroll\u00f3 como un espacio cultural y educativo.<\/span><span style=\"font-weight: 400;\"><br \/>\n<\/span><span style=\"font-weight: 400;\"> Busc\u00f3 reabrir el di\u00e1logo democr\u00e1tico entre Espa\u00f1a y las comunidades emigradas.<\/span><span style=\"font-weight: 400;\"><br \/>\n<\/span><span style=\"font-weight: 400;\"> El proyecto marc\u00f3 el cierre de un ciclo hist\u00f3rico y la apertura de una nueva etapa de intercambio cultural.<\/span><\/p>\n<p>&nbsp;<\/p>\n","protected":false},"excerpt":{"rendered":"<p>(TEXTO LECTURA F\u00c1CIL AL PIE) &nbsp; ROSARIO Y EL CICLO DE ESPECIALIZACI\u00d3N TRIGUERA (1860-1895) AUDIODESCRIPCI\u00d3N AC\u00c1 Desde finales de los a\u00f1os de 1840 Rosario cont\u00f3 en sus cercan\u00edas con un creciente entorno de producciones trigueras intensivas. En las d\u00e9cadas siguientes la producci\u00f3n agr\u00edcola creci\u00f3 exponencialmente en los distritos cercanos a la ciudad y en las [&hellip;]<\/p>\n","protected":false},"author":2,"featured_media":0,"parent":0,"menu_order":0,"comment_status":"closed","ping_status":"closed","template":"","meta":{"_et_pb_use_builder":"","_et_pb_old_content":"","_et_gb_content_width":"","_exactmetrics_skip_tracking":false,"_exactmetrics_sitenote_active":false,"_exactmetrics_sitenote_note":"","_exactmetrics_sitenote_category":0,"footnotes":""},"yoast_head":"<!-- This site is optimized with the Yoast SEO plugin v23.5 - https:\/\/yoast.com\/wordpress\/plugins\/seo\/ -->\n<title>Los t\u00faneles del tiempo. Una ciudad pujante - Centro Cultural Parque de Espa\u00f1a\/AECID<\/title>\n<meta name=\"robots\" content=\"index, follow, max-snippet:-1, max-image-preview:large, max-video-preview:-1\" \/>\n<link rel=\"canonical\" href=\"https:\/\/ccpe.org.ar\/web\/los-tuneles-del-tiempo-una-ciudad-pujante\/\" \/>\n<meta property=\"og:locale\" content=\"es_ES\" \/>\n<meta property=\"og:type\" content=\"article\" \/>\n<meta property=\"og:title\" content=\"Los t\u00faneles del tiempo. Una ciudad pujante - Centro Cultural Parque de Espa\u00f1a\/AECID\" \/>\n<meta property=\"og:description\" content=\"(TEXTO LECTURA F\u00c1CIL AL PIE) &nbsp; ROSARIO Y EL CICLO DE ESPECIALIZACI\u00d3N TRIGUERA (1860-1895) AUDIODESCRIPCI\u00d3N AC\u00c1 Desde finales de los a\u00f1os de 1840 Rosario cont\u00f3 en sus cercan\u00edas con un creciente entorno de producciones trigueras intensivas. En las d\u00e9cadas siguientes la producci\u00f3n agr\u00edcola creci\u00f3 exponencialmente en los distritos cercanos a la ciudad y en las [&hellip;]\" \/>\n<meta property=\"og:url\" content=\"https:\/\/ccpe.org.ar\/web\/los-tuneles-del-tiempo-una-ciudad-pujante\/\" \/>\n<meta property=\"og:site_name\" content=\"Centro Cultural Parque de Espa\u00f1a\/AECID\" \/>\n<meta property=\"article:publisher\" content=\"https:\/\/www.facebook.com\/CCPErosario\/\" \/>\n<meta property=\"article:modified_time\" content=\"2026-02-26T13:06:19+00:00\" \/>\n<meta name=\"twitter:card\" content=\"summary_large_image\" \/>\n<meta name=\"twitter:site\" content=\"@ccpe\" \/>\n<meta name=\"twitter:label1\" content=\"Tiempo de lectura\" \/>\n\t<meta name=\"twitter:data1\" content=\"10 minutos\" \/>\n<script type=\"application\/ld+json\" class=\"yoast-schema-graph\">{\"@context\":\"https:\/\/schema.org\",\"@graph\":[{\"@type\":\"WebPage\",\"@id\":\"https:\/\/ccpe.org.ar\/web\/los-tuneles-del-tiempo-una-ciudad-pujante\/\",\"url\":\"https:\/\/ccpe.org.ar\/web\/los-tuneles-del-tiempo-una-ciudad-pujante\/\",\"name\":\"Los t\u00faneles del tiempo. Una ciudad pujante - Centro Cultural Parque de Espa\u00f1a\/AECID\",\"isPartOf\":{\"@id\":\"https:\/\/ccpe.org.ar\/web\/#website\"},\"datePublished\":\"2025-09-26T15:24:29+00:00\",\"dateModified\":\"2026-02-26T13:06:19+00:00\",\"breadcrumb\":{\"@id\":\"https:\/\/ccpe.org.ar\/web\/los-tuneles-del-tiempo-una-ciudad-pujante\/#breadcrumb\"},\"inLanguage\":\"es\",\"potentialAction\":[{\"@type\":\"ReadAction\",\"target\":[\"https:\/\/ccpe.org.ar\/web\/los-tuneles-del-tiempo-una-ciudad-pujante\/\"]}]},{\"@type\":\"BreadcrumbList\",\"@id\":\"https:\/\/ccpe.org.ar\/web\/los-tuneles-del-tiempo-una-ciudad-pujante\/#breadcrumb\",\"itemListElement\":[{\"@type\":\"ListItem\",\"position\":1,\"name\":\"Portada\",\"item\":\"https:\/\/ccpe.org.ar\/web\/\"},{\"@type\":\"ListItem\",\"position\":2,\"name\":\"Los t\u00faneles del tiempo. Una ciudad pujante\"}]},{\"@type\":\"WebSite\",\"@id\":\"https:\/\/ccpe.org.ar\/web\/#website\",\"url\":\"https:\/\/ccpe.org.ar\/web\/\",\"name\":\"Centro Cultural Parque de Espa\u00f1a\/AECID\",\"description\":\"Sitio web del Centro Cultural Parque de Espa\u00f1a\/AECID\",\"potentialAction\":[{\"@type\":\"SearchAction\",\"target\":{\"@type\":\"EntryPoint\",\"urlTemplate\":\"https:\/\/ccpe.org.ar\/web\/?s={search_term_string}\"},\"query-input\":{\"@type\":\"PropertyValueSpecification\",\"valueRequired\":true,\"valueName\":\"search_term_string\"}}],\"inLanguage\":\"es\"}]}<\/script>\n<!-- \/ Yoast SEO plugin. -->","yoast_head_json":{"title":"Los t\u00faneles del tiempo. Una ciudad pujante - Centro Cultural Parque de Espa\u00f1a\/AECID","robots":{"index":"index","follow":"follow","max-snippet":"max-snippet:-1","max-image-preview":"max-image-preview:large","max-video-preview":"max-video-preview:-1"},"canonical":"https:\/\/ccpe.org.ar\/web\/los-tuneles-del-tiempo-una-ciudad-pujante\/","og_locale":"es_ES","og_type":"article","og_title":"Los t\u00faneles del tiempo. Una ciudad pujante - Centro Cultural Parque de Espa\u00f1a\/AECID","og_description":"(TEXTO LECTURA F\u00c1CIL AL PIE) &nbsp; ROSARIO Y EL CICLO DE ESPECIALIZACI\u00d3N TRIGUERA (1860-1895) AUDIODESCRIPCI\u00d3N AC\u00c1 Desde finales de los a\u00f1os de 1840 Rosario cont\u00f3 en sus cercan\u00edas con un creciente entorno de producciones trigueras intensivas. En las d\u00e9cadas siguientes la producci\u00f3n agr\u00edcola creci\u00f3 exponencialmente en los distritos cercanos a la ciudad y en las [&hellip;]","og_url":"https:\/\/ccpe.org.ar\/web\/los-tuneles-del-tiempo-una-ciudad-pujante\/","og_site_name":"Centro Cultural Parque de Espa\u00f1a\/AECID","article_publisher":"https:\/\/www.facebook.com\/CCPErosario\/","article_modified_time":"2026-02-26T13:06:19+00:00","twitter_card":"summary_large_image","twitter_site":"@ccpe","twitter_misc":{"Tiempo de lectura":"10 minutos"},"schema":{"@context":"https:\/\/schema.org","@graph":[{"@type":"WebPage","@id":"https:\/\/ccpe.org.ar\/web\/los-tuneles-del-tiempo-una-ciudad-pujante\/","url":"https:\/\/ccpe.org.ar\/web\/los-tuneles-del-tiempo-una-ciudad-pujante\/","name":"Los t\u00faneles del tiempo. Una ciudad pujante - Centro Cultural Parque de Espa\u00f1a\/AECID","isPartOf":{"@id":"https:\/\/ccpe.org.ar\/web\/#website"},"datePublished":"2025-09-26T15:24:29+00:00","dateModified":"2026-02-26T13:06:19+00:00","breadcrumb":{"@id":"https:\/\/ccpe.org.ar\/web\/los-tuneles-del-tiempo-una-ciudad-pujante\/#breadcrumb"},"inLanguage":"es","potentialAction":[{"@type":"ReadAction","target":["https:\/\/ccpe.org.ar\/web\/los-tuneles-del-tiempo-una-ciudad-pujante\/"]}]},{"@type":"BreadcrumbList","@id":"https:\/\/ccpe.org.ar\/web\/los-tuneles-del-tiempo-una-ciudad-pujante\/#breadcrumb","itemListElement":[{"@type":"ListItem","position":1,"name":"Portada","item":"https:\/\/ccpe.org.ar\/web\/"},{"@type":"ListItem","position":2,"name":"Los t\u00faneles del tiempo. Una ciudad pujante"}]},{"@type":"WebSite","@id":"https:\/\/ccpe.org.ar\/web\/#website","url":"https:\/\/ccpe.org.ar\/web\/","name":"Centro Cultural Parque de Espa\u00f1a\/AECID","description":"Sitio web del Centro Cultural Parque de Espa\u00f1a\/AECID","potentialAction":[{"@type":"SearchAction","target":{"@type":"EntryPoint","urlTemplate":"https:\/\/ccpe.org.ar\/web\/?s={search_term_string}"},"query-input":{"@type":"PropertyValueSpecification","valueRequired":true,"valueName":"search_term_string"}}],"inLanguage":"es"}]}},"_links":{"self":[{"href":"https:\/\/ccpe.org.ar\/web\/wp-json\/wp\/v2\/pages\/7574"}],"collection":[{"href":"https:\/\/ccpe.org.ar\/web\/wp-json\/wp\/v2\/pages"}],"about":[{"href":"https:\/\/ccpe.org.ar\/web\/wp-json\/wp\/v2\/types\/page"}],"author":[{"embeddable":true,"href":"https:\/\/ccpe.org.ar\/web\/wp-json\/wp\/v2\/users\/2"}],"replies":[{"embeddable":true,"href":"https:\/\/ccpe.org.ar\/web\/wp-json\/wp\/v2\/comments?post=7574"}],"version-history":[{"count":5,"href":"https:\/\/ccpe.org.ar\/web\/wp-json\/wp\/v2\/pages\/7574\/revisions"}],"predecessor-version":[{"id":7800,"href":"https:\/\/ccpe.org.ar\/web\/wp-json\/wp\/v2\/pages\/7574\/revisions\/7800"}],"wp:attachment":[{"href":"https:\/\/ccpe.org.ar\/web\/wp-json\/wp\/v2\/media?parent=7574"}],"curies":[{"name":"wp","href":"https:\/\/api.w.org\/{rel}","templated":true}]}}