{"id":7577,"date":"2025-09-26T12:29:07","date_gmt":"2025-09-26T15:29:07","guid":{"rendered":"https:\/\/ccpe.org.ar\/web\/?page_id=7577"},"modified":"2026-02-26T10:07:27","modified_gmt":"2026-02-26T13:07:27","slug":"los-tuneles-del-tiempo-rosario-sus-mujeres","status":"publish","type":"page","link":"https:\/\/ccpe.org.ar\/web\/los-tuneles-del-tiempo-rosario-sus-mujeres\/","title":{"rendered":"Los t\u00faneles del tiempo. Rosario, sus mujeres"},"content":{"rendered":"<h1><a href=\"https:\/\/drive.google.com\/file\/d\/1rxrPcd0FlEHWMpoBqFekPRIV7G50lr9N\/view?usp=drive_link\"><span style=\"color: #0000ff;\">AUDIODESCRIPCI\u00d3N AC\u00c1<\/span><\/a><\/h1>\n<p>&nbsp;<\/p>\n<h1>(TEXTO LECTURA F\u00c1CIL AL PIE)<\/h1>\n<p>&nbsp;<\/p>\n<p><strong>ITINERARIOS FEMENINOS<\/strong><\/p>\n<p>A mediados del siglo XIX, la poblaci\u00f3n de Rosario cambi\u00f3 su fisonom\u00eda tradicional.\u00a0 Se iniciaba por entonces un lento proceso de transformaci\u00f3n social motorizado por la prosperidad comercial iniciado a finales de la d\u00e9cada de 1840 y potenciada en la etapa de la Confederaci\u00f3n (1853-1860). La antigua dirigencia social y econ\u00f3mica de los Arroyos fue testigo de c\u00f3mo las matrices ordenadoras de la antigua sociedad se transformaban al calor del comercio y la inmigraci\u00f3n ultramarina.<\/p>\n<p>En la segunda mitad del ochocientos aparecieron las primeras iniciativas de visibilizaci\u00f3n de la mujer en la sociedad de la novel ciudad.\u00a0 En ellas participaron mujeres pertenecientes a la antigua dirigencia social de Rosario y del espacio rural circundante. La fundaci\u00f3n de la <em>Sociedad de Beneficencia de Rosario<\/em> en 1854 fue impulsada por mujeres de origen patricio del Pago de los Arroyos.\u00a0 Su primera presidenta, Laureana Benegas de Correa, pertenec\u00eda a una plurisecular e influyente familia propietaria de tierras rurales y urbanas de Rosario. Su antepasado m\u00e1s conocido, el propietario de tierras Josep Benegas, tuvo a su cargo el censo de los productores y de los trigos cosechados en 1758 en los Arroyos (el llamado Padr\u00f3n de Benegas) para el pago del diezmo de ese a\u00f1o.\u00a0 Laureana Benegas de Correa impuls\u00f3 el proyecto de construcci\u00f3n de la primera instituci\u00f3n p\u00fablica para la asistencia de la salud de la poblaci\u00f3n de Rosario.\u00a0 De esta primera experiencia de liderazgos femeninos participaron otras integrantes del antiguo patriciado local (Eusebia Rodr\u00edguez de Rosas) y provincial (\u00c1ngela Cullen de Castellanos, Celestina Echague de Salv\u00e1, Margarita Mazza de Carl\u00e9s). El Hospital de Caridad (hoy Hospital Provincial), fue creado solo un a\u00f1o despu\u00e9s (1855) de iniciadas las actividades de la Sociedad de Beneficencia de Rosario, cumpliendo una demorada demanda de la poblaci\u00f3n local.<\/p>\n<p>Dos d\u00e9cadas m\u00e1s tarde se sum\u00f3 a estos nuevos espacios de sociabilidad femenina una instituci\u00f3n solventada por la beneficencia privada, la <em>Sociedad de Damas de la Caridad<\/em> (1869), con el fin de atender el cuidado de la poblaci\u00f3n infantil de bajos recursos, uno de los sectores m\u00e1s vulnerables de la novel ciudad en donde predominaban altas tasas de mortalidad infantil. Mar\u00eda de los \u00c1ngeles Rodr\u00edguez de Rosas, integrante de la primera Comisi\u00f3n de la Sociedad de Damas de la Caridad, don\u00f3 junto a su esposo Juan Antonio Rosas, el terreno en donde se edific\u00f3 el Hogar de Hu\u00e9rfanos (1874), ubicado entonces en un \u00e1rea periurbana de la ciudad. La instituci\u00f3n, dedicada a la salud de la poblaci\u00f3n infantil y al cuidado de hu\u00e9rfanos y exp\u00f3sitos, incorpor\u00f3 a las Hermanas del Huerto (orden religiosa procedente de Liguria) para la atenci\u00f3n de los ni\u00f1os recibidos en la entidad.<\/p>\n<p>En las d\u00e9cadas centrales del ochocientos la ciudad de Rosario brindaba una oferta limitada de actividades laborales, todas ellas de baja o nula calificaci\u00f3n (jornaleras, sirvientas) y de escasos salarios. Los oficios tradicionales vinculados al sector vestimenta (bordadoras, costureras, modistas) y del servicio dom\u00e9stico (planchadoras, cocineras, lavanderas) concentraban los mayores n\u00facleos de la demanda de trabajo femenino urbano. En el recuento de la actividad laboral de las mujeres en Rosario, cabe tener en cuenta otro fen\u00f3meno destacable: el subregistro a la hora de declarar el trabajo femenino fuera de las \u201c<em>labores<\/em>\u201d dom\u00e9sticas. A excepci\u00f3n del caso de los hogares de altos ingresos, el trabajo femenino no declarado es una variable constante y plurisecular. A las tareas dom\u00e9sticas familiares, se sumaban mayoritariamente otras que contribu\u00edan a incrementar o bien equilibrar el ingreso familiar.<\/p>\n<p>En la d\u00e9cada de 1890 el tejido econ\u00f3mico de Rosario se hab\u00eda complejizado y diversificado tras el ingreso de nuevas ramas manufactureras vinculadas tanto al mercado interno (f\u00e1bricas de cigarrillos, licores, alimentos, calzado) como al eje exportador (molinos, f\u00e1bricas de bolsas de cereales, industria de procesamiento de az\u00facar y de yerba mate). El Censo de Rosario de 1910 registr\u00f3 1561 mujeres trabajando como operarias y empleadas en establecimientos fabriles y comerciales de la ciudad (13 % del total de las mujeres que trabajaban en la ciudad). Entre 1895 y 1914 se produjo un segundo y diferente ciclo de visibilizaci\u00f3n de la mujer en la ciudad de Rosario. El modesto n\u00famero de trabajadoras que participaban del mundo fabril de fines del ochocientos estuvo presente en los movimientos contestatarios de la \u00e9poca: la adhesi\u00f3n y presencia de grupos de trabajadoras en las huelgas obreras organizadas por el anarquismo local dejaron huellas persistentes en las generaciones que siguieron a la Primera Guerra Mundial.\u00a0 La organizaci\u00f3n de las mujeres trabajadoras, tal como fue el caso del grupo \u201c<em>Las Proletarias<\/em>\u201d lideradas por Virginia Bolten y la espa\u00f1ola Mar\u00eda Calvia, entre otras, no limitaba sus demandas a cuestiones salariales: tambi\u00e9n pusieron en discusi\u00f3n el lugar subsidiario que ocupaba la mujer a principios del novecientos tanto en el \u00e1mbito dom\u00e9stico como en el mundo del trabajo. Los proyectos feministas se expresaron en \u00f3rganos de prensa propios, como fue el caso del peri\u00f3dico \u201c<em>La Voz de la Mujer<\/em>\u201d, editado en Buenos Aires entre 1896 y 1897 y brevemente en Rosario en el a\u00f1o en 1899. La prensa fue instrumento de difusi\u00f3n de las ideas del feminismo anarquista y herramienta de construcci\u00f3n de nuevos recursos culturales difundidos a trav\u00e9s de redes de intercambio en todo el pa\u00eds. Otras voces del feminismo se hicieron escuchar en Rosario en la primera d\u00e9cada del novecientos, como fue el caso de la escritora y oradora socialista Juana Mar\u00eda Begino, defensora del sufragio femenino y de los derechos de la mujer.<\/p>\n<hr \/>\n<p>&nbsp;<\/p>\n<h1>TEXTO LECTURA F\u00c1CIL<\/h1>\n<p>&nbsp;<\/p>\n<h2><b>Los t\u00faneles del tiempo<\/b><\/h2>\n<h2><b>Rosario y sus mujeres<\/b><\/h2>\n<h3><b>Itinerarios femeninos<\/b><\/h3>\n<p>&nbsp;<\/p>\n<h3><b>1850\u20131860 &#8211; Una ciudad en transformaci\u00f3n<\/b><\/h3>\n<p><span style=\"font-weight: 400;\">A mediados del siglo 19, Rosario comenz\u00f3 a cambiar.<\/span><\/p>\n<p><span style=\"font-weight: 400;\">La ciudad dej\u00f3 atr\u00e1s su forma tradicional.<\/span><span style=\"font-weight: 400;\"><br \/>\n<\/span><span style=\"font-weight: 400;\">Empez\u00f3 un proceso lento de transformaci\u00f3n social.<\/span><\/p>\n<p><span style=\"font-weight: 400;\">Este cambio estuvo impulsado por:<\/span><\/p>\n<ul>\n<li style=\"font-weight: 400;\" aria-level=\"1\"><span style=\"font-weight: 400;\">el crecimiento del comercio<\/span><\/li>\n<li style=\"font-weight: 400;\" aria-level=\"1\"><span style=\"font-weight: 400;\">la llegada de inmigrantes de otros pa\u00edses.<\/span><\/li>\n<\/ul>\n<p><span style=\"font-weight: 400;\">La antigua dirigencia del Pago de los Arroyos vio c\u00f3mo la ciudad se abr\u00eda a nuevas formas de organizaci\u00f3n social.<\/span><\/p>\n<p>&nbsp;<\/p>\n<h3><b>1854 &#8211; Primeras mujeres en la vida p\u00fablica<\/b><\/h3>\n<p><span style=\"font-weight: 400;\">En la segunda mitad del siglo 19, las mujeres comenzaron a tener mayor visibilidad en la vida p\u00fablica de Rosario.<\/span><\/p>\n<p><span style=\"font-weight: 400;\">Las primeras iniciativas fueron impulsadas por mujeres de familias tradicionales de la ciudad y del entorno rural.<\/span><\/p>\n<p><span style=\"font-weight: 400;\">En 1854 se fund\u00f3 la Sociedad de Beneficencia de Rosario.<\/span><span style=\"font-weight: 400;\"><br \/>\n<\/span><span style=\"font-weight: 400;\">Fue creada por mujeres de familias patricias del Pago de los Arroyos.<\/span><\/p>\n<p><span style=\"font-weight: 400;\">Su primera presidenta fue Laureana Benegas de Correa.<\/span><span style=\"font-weight: 400;\"><br \/>\n<\/span><span style=\"font-weight: 400;\">Pertenec\u00eda a una familia con gran influencia econ\u00f3mica y social.<\/span><\/p>\n<p><span style=\"font-weight: 400;\">Entre sus antepasados se encontraba Josep Benegas, responsable de un censo realizado en 1758.<\/span><\/p>\n<p>&nbsp;<\/p>\n<h3><b>1855\u20131874 -Salud y asistencia social<\/b><\/h3>\n<p><span style=\"font-weight: 400;\">Desde la Sociedad de Beneficencia se impulsaron acciones clave.<\/span><\/p>\n<p><span style=\"font-weight: 400;\">En 1855 se cre\u00f3 el Hospital de Caridad, hoy Hospital Provincial.<\/span><span style=\"font-weight: 400;\"><br \/>\n<\/span><span style=\"font-weight: 400;\">Fue la primera instituci\u00f3n p\u00fablica de salud de la ciudad.<\/span><\/p>\n<p><span style=\"font-weight: 400;\">En 1869 se fund\u00f3 la Sociedad de Damas de la Caridad.<\/span><span style=\"font-weight: 400;\"><br \/>\n<\/span><span style=\"font-weight: 400;\">Su objetivo fue asistir a ni\u00f1os y ni\u00f1as de bajos recursos.<\/span><\/p>\n<p><span style=\"font-weight: 400;\">Gracias a la donaci\u00f3n de un terreno, en 1874 se inaugur\u00f3 el Hogar de Hu\u00e9rfanos.<\/span><\/p>\n<p><span style=\"font-weight: 400;\">All\u00ed se cuidaba a:<\/span><\/p>\n<ul>\n<li style=\"font-weight: 400;\" aria-level=\"1\"><span style=\"font-weight: 400;\">hu\u00e9rfanos<\/span><\/li>\n<li style=\"font-weight: 400;\" aria-level=\"1\"><span style=\"font-weight: 400;\">ni\u00f1os y ni\u00f1as exp\u00f3sitos<\/span><\/li>\n<li style=\"font-weight: 400;\" aria-level=\"1\"><span style=\"font-weight: 400;\">la salud infantil.<\/span><\/li>\n<\/ul>\n<p><span style=\"font-weight: 400;\">Para esta tarea se incorporaron las Hermanas del Huerto.<\/span><span style=\"font-weight: 400;\"><br \/>\n<\/span><span style=\"font-weight: 400;\">Era una orden religiosa llegada desde Italia.<\/span><span style=\"font-weight: 400;\"><br \/>\n<\/span><span style=\"font-weight: 400;\">Se encargaban del cuidado diario.<\/span><\/p>\n<p>&nbsp;<\/p>\n<h3><b>1850\u20131880 &#8211; El trabajo femenino invisible<\/b><\/h3>\n<p><span style=\"font-weight: 400;\">Durante gran parte del siglo 19, las mujeres tuvieron pocas oportunidades de trabajo.<\/span><\/p>\n<p><span style=\"font-weight: 400;\">La mayor\u00eda de los empleos eran mal pagos y con poca formaci\u00f3n requerida.<\/span><\/p>\n<p>&nbsp;<\/p>\n<p><span style=\"font-weight: 400;\">Los trabajos m\u00e1s frecuentes estaban ligados a la vestimenta:<\/span><\/p>\n<ul>\n<li style=\"font-weight: 400;\" aria-level=\"1\"><span style=\"font-weight: 400;\">costureras<\/span><\/li>\n<li style=\"font-weight: 400;\" aria-level=\"1\"><span style=\"font-weight: 400;\">bordadoras<\/span><\/li>\n<li style=\"font-weight: 400;\" aria-level=\"1\"><span style=\"font-weight: 400;\">modistas.<\/span><\/li>\n<\/ul>\n<p><span style=\"font-weight: 400;\">Tambi\u00e9n eran comunes las tareas dom\u00e9sticas:<\/span><\/p>\n<ul>\n<li style=\"font-weight: 400;\" aria-level=\"1\"><span style=\"font-weight: 400;\">lavanderas<\/span><\/li>\n<li style=\"font-weight: 400;\" aria-level=\"1\"><span style=\"font-weight: 400;\">cocineras<\/span><\/li>\n<li style=\"font-weight: 400;\" aria-level=\"1\"><span style=\"font-weight: 400;\">planchadoras<\/span><\/li>\n<\/ul>\n<p><span style=\"font-weight: 400;\">Gran parte del trabajo femenino no quedaba registrado.<\/span><span style=\"font-weight: 400;\"><br \/>\n<\/span><span style=\"font-weight: 400;\">Adem\u00e1s del trabajo en el hogar, muchas mujeres realizaban tareas informales para sostener a sus familias.<\/span><\/p>\n<p>&nbsp;<\/p>\n<h3><b>1890\u20131910- Nuevas industrias, nuevas trabajadoras<\/b><\/h3>\n<p><span style=\"font-weight: 400;\">Hacia la d\u00e9cada de 1890, la econom\u00eda de Rosario se volvi\u00f3 m\u00e1s compleja.<\/span><\/p>\n<p><span style=\"font-weight: 400;\">Aparecieron nuevas industrias:<\/span><\/p>\n<ul>\n<li style=\"font-weight: 400;\" aria-level=\"1\"><span style=\"font-weight: 400;\">alimentos<\/span><\/li>\n<li style=\"font-weight: 400;\" aria-level=\"1\"><span style=\"font-weight: 400;\">cigarrillos<\/span><\/li>\n<li style=\"font-weight: 400;\" aria-level=\"1\"><span style=\"font-weight: 400;\">calzado<\/span><\/li>\n<li style=\"font-weight: 400;\" aria-level=\"1\"><span style=\"font-weight: 400;\">bebidas<\/span><\/li>\n<\/ul>\n<p><span style=\"font-weight: 400;\">Tambi\u00e9n crecieron las industrias vinculadas a la exportaci\u00f3n:<\/span><\/p>\n<ul>\n<li style=\"font-weight: 400;\" aria-level=\"1\"><span style=\"font-weight: 400;\">molinos<\/span><\/li>\n<li style=\"font-weight: 400;\" aria-level=\"1\"><span style=\"font-weight: 400;\">f\u00e1bricas relacionadas con los cereales.<\/span><\/li>\n<\/ul>\n<p><span style=\"font-weight: 400;\">En este contexto, m\u00e1s mujeres comenzaron a trabajar fuera del hogar.<\/span><\/p>\n<p><span style=\"font-weight: 400;\">El Censo de 1910 registr\u00f3 m\u00e1s de 1.500 mujeres trabajando en f\u00e1bricas y comercios.<\/span><span style=\"font-weight: 400;\"><br \/>\n<\/span><span style=\"font-weight: 400;\">Aunque eran pocas, este dato marc\u00f3 un cambio importante.<\/span><\/p>\n<p>&nbsp;<\/p>\n<h3><b>1895\u20131914 -Mujeres y lucha social<\/b><\/h3>\n<p><span style=\"font-weight: 400;\">Entre 1895 y 1914 se produjo un nuevo proceso de visibilizaci\u00f3n femenina.<\/span><\/p>\n<p><span style=\"font-weight: 400;\">Muchas mujeres trabajadoras participaron en movimientos sociales.<\/span><span style=\"font-weight: 400;\"><br \/>\n<\/span><span style=\"font-weight: 400;\"> Intervinieron en huelgas y protestas vinculadas al anarquismo.<\/span><\/p>\n<p><span style=\"font-weight: 400;\">Estas acciones dejaron una huella profunda en las generaciones posteriores.<\/span><\/p>\n<p><span style=\"font-weight: 400;\">Se formaron grupos de mujeres trabajadoras, como <\/span><b>Las Proletarias<\/b><span style=\"font-weight: 400;\">.<\/span><\/p>\n<p><span style=\"font-weight: 400;\">Entre sus referentes se destacaron:<\/span><\/p>\n<ul>\n<li style=\"font-weight: 400;\" aria-level=\"1\"><span style=\"font-weight: 400;\">Virginia Bolten<\/span><\/li>\n<li style=\"font-weight: 400;\" aria-level=\"1\"><span style=\"font-weight: 400;\">Mar\u00eda Calvia, de origen espa\u00f1ol.<\/span><\/li>\n<\/ul>\n<p><span style=\"font-weight: 400;\">Estas mujeres reclamaban:<\/span><\/p>\n<ul>\n<li style=\"font-weight: 400;\" aria-level=\"1\"><span style=\"font-weight: 400;\">mejores salarios<\/span><\/li>\n<li style=\"font-weight: 400;\" aria-level=\"1\"><span style=\"font-weight: 400;\">mejores condiciones laborales<\/span><\/li>\n<li style=\"font-weight: 400;\" aria-level=\"1\"><span style=\"font-weight: 400;\">igualdad dentro y fuera del hogar.<\/span><\/li>\n<\/ul>\n<p>&nbsp;<\/p>\n<h3><b>1900\u20131915 \u00b7 Feminismo y palabra p\u00fablica<\/b><\/h3>\n<p><span style=\"font-weight: 400;\">Las ideas feministas encontraron un espacio clave en la prensa.<\/span><\/p>\n<p><span style=\"font-weight: 400;\">El peri\u00f3dico <\/span><b>La Voz de la Mujer<\/b><span style=\"font-weight: 400;\"> fue fundamental para difundir el feminismo anarquista.<\/span><\/p>\n<p><span style=\"font-weight: 400;\">A trav\u00e9s de estos medios se crearon redes de intercambio de ideas en distintas ciudades del pa\u00eds.<\/span><\/p>\n<p><span style=\"font-weight: 400;\">A comienzos del siglo 20, nuevas voces feministas surgieron en Rosario.<\/span><\/p>\n<p><span style=\"font-weight: 400;\">Una de las m\u00e1s destacadas fue <\/span><b>Juana Mar\u00eda Begino<\/b><span style=\"font-weight: 400;\">.<\/span><span style=\"font-weight: 400;\"><br \/>\n<\/span><span style=\"font-weight: 400;\">Fue escritora, oradora socialista y defensora:<\/span><\/p>\n<ul>\n<li style=\"font-weight: 400;\" aria-level=\"1\"><span style=\"font-weight: 400;\">del derecho al voto<\/span><\/li>\n<li style=\"font-weight: 400;\" aria-level=\"1\"><span style=\"font-weight: 400;\">de los derechos de las mujeres.<\/span><\/li>\n<\/ul>\n<p>&nbsp;<\/p>\n","protected":false},"excerpt":{"rendered":"<p>AUDIODESCRIPCI\u00d3N AC\u00c1 &nbsp; (TEXTO LECTURA F\u00c1CIL AL PIE) &nbsp; ITINERARIOS FEMENINOS A mediados del siglo XIX, la poblaci\u00f3n de Rosario cambi\u00f3 su fisonom\u00eda tradicional.\u00a0 Se iniciaba por entonces un lento proceso de transformaci\u00f3n social motorizado por la prosperidad comercial iniciado a finales de la d\u00e9cada de 1840 y potenciada en la etapa de la Confederaci\u00f3n [&hellip;]<\/p>\n","protected":false},"author":2,"featured_media":0,"parent":0,"menu_order":0,"comment_status":"closed","ping_status":"closed","template":"","meta":{"_et_pb_use_builder":"","_et_pb_old_content":"","_et_gb_content_width":"","_exactmetrics_skip_tracking":false,"_exactmetrics_sitenote_active":false,"_exactmetrics_sitenote_note":"","_exactmetrics_sitenote_category":0,"footnotes":""},"yoast_head":"<!-- This site is optimized with the Yoast SEO plugin v23.5 - https:\/\/yoast.com\/wordpress\/plugins\/seo\/ -->\n<title>Los t\u00faneles del tiempo. Rosario, sus mujeres - Centro Cultural Parque de Espa\u00f1a\/AECID<\/title>\n<meta name=\"robots\" content=\"index, follow, max-snippet:-1, max-image-preview:large, max-video-preview:-1\" \/>\n<link rel=\"canonical\" href=\"https:\/\/ccpe.org.ar\/web\/los-tuneles-del-tiempo-rosario-sus-mujeres\/\" \/>\n<meta property=\"og:locale\" content=\"es_ES\" \/>\n<meta property=\"og:type\" content=\"article\" \/>\n<meta property=\"og:title\" content=\"Los t\u00faneles del tiempo. Rosario, sus mujeres - Centro Cultural Parque de Espa\u00f1a\/AECID\" \/>\n<meta property=\"og:description\" content=\"AUDIODESCRIPCI\u00d3N AC\u00c1 &nbsp; (TEXTO LECTURA F\u00c1CIL AL PIE) &nbsp; ITINERARIOS FEMENINOS A mediados del siglo XIX, la poblaci\u00f3n de Rosario cambi\u00f3 su fisonom\u00eda tradicional.\u00a0 Se iniciaba por entonces un lento proceso de transformaci\u00f3n social motorizado por la prosperidad comercial iniciado a finales de la d\u00e9cada de 1840 y potenciada en la etapa de la Confederaci\u00f3n [&hellip;]\" \/>\n<meta property=\"og:url\" content=\"https:\/\/ccpe.org.ar\/web\/los-tuneles-del-tiempo-rosario-sus-mujeres\/\" \/>\n<meta property=\"og:site_name\" content=\"Centro Cultural Parque de Espa\u00f1a\/AECID\" \/>\n<meta property=\"article:publisher\" content=\"https:\/\/www.facebook.com\/CCPErosario\/\" \/>\n<meta property=\"article:modified_time\" content=\"2026-02-26T13:07:27+00:00\" \/>\n<meta name=\"twitter:card\" content=\"summary_large_image\" \/>\n<meta name=\"twitter:site\" content=\"@ccpe\" \/>\n<meta name=\"twitter:label1\" content=\"Tiempo de lectura\" \/>\n\t<meta name=\"twitter:data1\" content=\"7 minutos\" \/>\n<script type=\"application\/ld+json\" class=\"yoast-schema-graph\">{\"@context\":\"https:\/\/schema.org\",\"@graph\":[{\"@type\":\"WebPage\",\"@id\":\"https:\/\/ccpe.org.ar\/web\/los-tuneles-del-tiempo-rosario-sus-mujeres\/\",\"url\":\"https:\/\/ccpe.org.ar\/web\/los-tuneles-del-tiempo-rosario-sus-mujeres\/\",\"name\":\"Los t\u00faneles del tiempo. Rosario, sus mujeres - Centro Cultural Parque de Espa\u00f1a\/AECID\",\"isPartOf\":{\"@id\":\"https:\/\/ccpe.org.ar\/web\/#website\"},\"datePublished\":\"2025-09-26T15:29:07+00:00\",\"dateModified\":\"2026-02-26T13:07:27+00:00\",\"breadcrumb\":{\"@id\":\"https:\/\/ccpe.org.ar\/web\/los-tuneles-del-tiempo-rosario-sus-mujeres\/#breadcrumb\"},\"inLanguage\":\"es\",\"potentialAction\":[{\"@type\":\"ReadAction\",\"target\":[\"https:\/\/ccpe.org.ar\/web\/los-tuneles-del-tiempo-rosario-sus-mujeres\/\"]}]},{\"@type\":\"BreadcrumbList\",\"@id\":\"https:\/\/ccpe.org.ar\/web\/los-tuneles-del-tiempo-rosario-sus-mujeres\/#breadcrumb\",\"itemListElement\":[{\"@type\":\"ListItem\",\"position\":1,\"name\":\"Portada\",\"item\":\"https:\/\/ccpe.org.ar\/web\/\"},{\"@type\":\"ListItem\",\"position\":2,\"name\":\"Los t\u00faneles del tiempo. Rosario, sus mujeres\"}]},{\"@type\":\"WebSite\",\"@id\":\"https:\/\/ccpe.org.ar\/web\/#website\",\"url\":\"https:\/\/ccpe.org.ar\/web\/\",\"name\":\"Centro Cultural Parque de Espa\u00f1a\/AECID\",\"description\":\"Sitio web del Centro Cultural Parque de Espa\u00f1a\/AECID\",\"potentialAction\":[{\"@type\":\"SearchAction\",\"target\":{\"@type\":\"EntryPoint\",\"urlTemplate\":\"https:\/\/ccpe.org.ar\/web\/?s={search_term_string}\"},\"query-input\":{\"@type\":\"PropertyValueSpecification\",\"valueRequired\":true,\"valueName\":\"search_term_string\"}}],\"inLanguage\":\"es\"}]}<\/script>\n<!-- \/ Yoast SEO plugin. -->","yoast_head_json":{"title":"Los t\u00faneles del tiempo. Rosario, sus mujeres - Centro Cultural Parque de Espa\u00f1a\/AECID","robots":{"index":"index","follow":"follow","max-snippet":"max-snippet:-1","max-image-preview":"max-image-preview:large","max-video-preview":"max-video-preview:-1"},"canonical":"https:\/\/ccpe.org.ar\/web\/los-tuneles-del-tiempo-rosario-sus-mujeres\/","og_locale":"es_ES","og_type":"article","og_title":"Los t\u00faneles del tiempo. Rosario, sus mujeres - Centro Cultural Parque de Espa\u00f1a\/AECID","og_description":"AUDIODESCRIPCI\u00d3N AC\u00c1 &nbsp; (TEXTO LECTURA F\u00c1CIL AL PIE) &nbsp; ITINERARIOS FEMENINOS A mediados del siglo XIX, la poblaci\u00f3n de Rosario cambi\u00f3 su fisonom\u00eda tradicional.\u00a0 Se iniciaba por entonces un lento proceso de transformaci\u00f3n social motorizado por la prosperidad comercial iniciado a finales de la d\u00e9cada de 1840 y potenciada en la etapa de la Confederaci\u00f3n [&hellip;]","og_url":"https:\/\/ccpe.org.ar\/web\/los-tuneles-del-tiempo-rosario-sus-mujeres\/","og_site_name":"Centro Cultural Parque de Espa\u00f1a\/AECID","article_publisher":"https:\/\/www.facebook.com\/CCPErosario\/","article_modified_time":"2026-02-26T13:07:27+00:00","twitter_card":"summary_large_image","twitter_site":"@ccpe","twitter_misc":{"Tiempo de lectura":"7 minutos"},"schema":{"@context":"https:\/\/schema.org","@graph":[{"@type":"WebPage","@id":"https:\/\/ccpe.org.ar\/web\/los-tuneles-del-tiempo-rosario-sus-mujeres\/","url":"https:\/\/ccpe.org.ar\/web\/los-tuneles-del-tiempo-rosario-sus-mujeres\/","name":"Los t\u00faneles del tiempo. Rosario, sus mujeres - Centro Cultural Parque de Espa\u00f1a\/AECID","isPartOf":{"@id":"https:\/\/ccpe.org.ar\/web\/#website"},"datePublished":"2025-09-26T15:29:07+00:00","dateModified":"2026-02-26T13:07:27+00:00","breadcrumb":{"@id":"https:\/\/ccpe.org.ar\/web\/los-tuneles-del-tiempo-rosario-sus-mujeres\/#breadcrumb"},"inLanguage":"es","potentialAction":[{"@type":"ReadAction","target":["https:\/\/ccpe.org.ar\/web\/los-tuneles-del-tiempo-rosario-sus-mujeres\/"]}]},{"@type":"BreadcrumbList","@id":"https:\/\/ccpe.org.ar\/web\/los-tuneles-del-tiempo-rosario-sus-mujeres\/#breadcrumb","itemListElement":[{"@type":"ListItem","position":1,"name":"Portada","item":"https:\/\/ccpe.org.ar\/web\/"},{"@type":"ListItem","position":2,"name":"Los t\u00faneles del tiempo. Rosario, sus mujeres"}]},{"@type":"WebSite","@id":"https:\/\/ccpe.org.ar\/web\/#website","url":"https:\/\/ccpe.org.ar\/web\/","name":"Centro Cultural Parque de Espa\u00f1a\/AECID","description":"Sitio web del Centro Cultural Parque de Espa\u00f1a\/AECID","potentialAction":[{"@type":"SearchAction","target":{"@type":"EntryPoint","urlTemplate":"https:\/\/ccpe.org.ar\/web\/?s={search_term_string}"},"query-input":{"@type":"PropertyValueSpecification","valueRequired":true,"valueName":"search_term_string"}}],"inLanguage":"es"}]}},"_links":{"self":[{"href":"https:\/\/ccpe.org.ar\/web\/wp-json\/wp\/v2\/pages\/7577"}],"collection":[{"href":"https:\/\/ccpe.org.ar\/web\/wp-json\/wp\/v2\/pages"}],"about":[{"href":"https:\/\/ccpe.org.ar\/web\/wp-json\/wp\/v2\/types\/page"}],"author":[{"embeddable":true,"href":"https:\/\/ccpe.org.ar\/web\/wp-json\/wp\/v2\/users\/2"}],"replies":[{"embeddable":true,"href":"https:\/\/ccpe.org.ar\/web\/wp-json\/wp\/v2\/comments?post=7577"}],"version-history":[{"count":5,"href":"https:\/\/ccpe.org.ar\/web\/wp-json\/wp\/v2\/pages\/7577\/revisions"}],"predecessor-version":[{"id":7801,"href":"https:\/\/ccpe.org.ar\/web\/wp-json\/wp\/v2\/pages\/7577\/revisions\/7801"}],"wp:attachment":[{"href":"https:\/\/ccpe.org.ar\/web\/wp-json\/wp\/v2\/media?parent=7577"}],"curies":[{"name":"wp","href":"https:\/\/api.w.org\/{rel}","templated":true}]}}